{"id":554,"date":"2022-01-15T11:48:17","date_gmt":"2022-01-15T11:48:17","guid":{"rendered":"http:\/\/biraykumas.com.tr\/hakkimizda\/"},"modified":"2022-01-17T11:52:38","modified_gmt":"2022-01-17T11:52:38","slug":"hakkimizda","status":"publish","type":"page","link":"http:\/\/biraykumas.com.tr\/tr\/hakkimizda\/","title":{"rendered":"Hakk\u0131m\u0131zda"},"content":{"rendered":"\n<div class=\"wp-block-cover\" style=\"min-height:400px\"><img loading=\"lazy\" width=\"1440\" height=\"480\" class=\"wp-block-cover__image-background wp-image-453\" alt=\"\" src=\"http:\/\/biraykumas.com.tr\/wp-content\/uploads\/2022\/01\/part1-3.jpg\" data-object-fit=\"cover\" srcset=\"http:\/\/biraykumas.com.tr\/wp-content\/uploads\/2022\/01\/part1-3.jpg 1440w, http:\/\/biraykumas.com.tr\/wp-content\/uploads\/2022\/01\/part1-3-300x100.jpg 300w, http:\/\/biraykumas.com.tr\/wp-content\/uploads\/2022\/01\/part1-3-1024x341.jpg 1024w, http:\/\/biraykumas.com.tr\/wp-content\/uploads\/2022\/01\/part1-3-768x256.jpg 768w, http:\/\/biraykumas.com.tr\/wp-content\/uploads\/2022\/01\/part1-3-1200x400.jpg 1200w\" sizes=\"(max-width: 1440px) 100vw, 1440px\" \/><div class=\"wp-block-cover__inner-container\">\n<p class=\"has-text-align-center has-large-font-size\"><\/p>\n<\/div><\/div>\n\n\n\n<div class=\"wp-block-group container mx-auto flex flex-col px-10 mb-4 w-full lg:px-40 lg:pt-20\"><div class=\"wp-block-group__inner-container\">\n<h2>De\u011fer \u00dcretiyoruz !<\/h2>\n\n\n\n<p class=\"text-lg lg:text-xl text-dark w-full mt-2\">2010&#8217;dan bu zamana \u00f6rme kuma\u015f tasar\u0131m ve \u00fcretim ekibimiz m\u00fc\u015fteri memnuniyetini en \u00fcst seviyede tutarak en iyi \u00f6rme kuma\u015flar\u0131n \u00fcretilmesini sa\u011flam\u0131\u015ft\u0131r. <strong>B\u0130RAY<\/strong> ola\u011fan\u00fcst\u00fc bilgi birikimi, yenilik\u00e7i vizyonu ve s\u00fcrekli geli\u015fmeye a\u00e7\u0131k benzersiz vaadi, firmam\u0131z\u0131 h\u0131zla d\u00fcnyaca \u00fcnl\u00fc bir\u00e7ok markan\u0131n g\u00fcvenilir tedarik\u00e7isi haline getirmi\u015ftir.<\/p>\n\n\n\n<div class=\"wp-block-group w-full container mx-auto lg:px-10 lg:my-10\"><div class=\"wp-block-group__inner-container\"><div class=\"carousel-slider-outer carousel-slider-outer-image-carousel carousel-slider-outer-289\">\n<div id=\"&#039;id-289\" class=\"owl-carousel carousel-slider carousel-slider-289 arrows-visibility-hover arrows-outside dots-visibility-never dots-center dots-circle\" style=\"--carousel-slider-nav-color:rgb(147,147,147);--carousel-slider-active-nav-color:rgb(211,211,211);--carousel-slider-arrow-size:48px;--carousel-slider-bullet-size:10px\" data-slide-type=\"image-carousel\" data-owl-settings='{\"nav\":true,\"dots\":false,\"slideBy\":1,\"stagePadding\":10,\"margin\":15,\"loop\":true,\"autoplay\":true,\"autoplayTimeout\":5000,\"autoplaySpeed\":500,\"autoplayHoverPause\":true,\"lazyLoad\":false,\"autoWidth\":false,\"responsive\":{\"300\":{\"items\":3},\"600\":{\"items\":3},\"768\":{\"items\":3},\"1024\":{\"items\":4},\"1200\":{\"items\":5},\"1921\":{\"items\":5}}}'>\n<div class=\"carousel-slider__item\"><img width=\"250\" height=\"142\" src=\"http:\/\/biraykumas.com.tr\/wp-content\/uploads\/2022\/01\/Ermenegildo.png\" class=\"attachment-medium size-medium\" alt=\"\" loading=\"lazy\" \/><\/div>\n<div class=\"carousel-slider__item\"><img width=\"250\" height=\"142\" src=\"http:\/\/biraykumas.com.tr\/wp-content\/uploads\/2022\/01\/armani.png\" class=\"attachment-medium size-medium\" alt=\"\" loading=\"lazy\" \/><\/div>\n<div class=\"carousel-slider__item\"><img width=\"250\" height=\"142\" src=\"http:\/\/biraykumas.com.tr\/wp-content\/uploads\/2022\/01\/\u0411\u0435\u0437-\u043d\u0430\u0437\u0432\u0430\u043d\u0438\u044f.png\" class=\"attachment-medium size-medium\" alt=\"\" loading=\"lazy\" \/><\/div>\n<div class=\"carousel-slider__item\"><img width=\"250\" height=\"142\" src=\"http:\/\/biraykumas.com.tr\/wp-content\/uploads\/2022\/01\/Zara.png\" class=\"attachment-medium size-medium\" alt=\"\" loading=\"lazy\" \/><\/div>\n<div class=\"carousel-slider__item\"><img width=\"250\" height=\"142\" src=\"http:\/\/biraykumas.com.tr\/wp-content\/uploads\/2022\/01\/Victoria-beckham.png\" class=\"attachment-medium size-medium\" alt=\"\" loading=\"lazy\" \/><\/div>\n<div class=\"carousel-slider__item\"><img width=\"250\" height=\"142\" src=\"http:\/\/biraykumas.com.tr\/wp-content\/uploads\/2022\/01\/Tommy-Hilfiger.png\" class=\"attachment-medium size-medium\" alt=\"\" loading=\"lazy\" \/><\/div>\n<div class=\"carousel-slider__item\"><img width=\"250\" height=\"142\" src=\"http:\/\/biraykumas.com.tr\/wp-content\/uploads\/2022\/01\/National-Geographic.png\" class=\"attachment-medium size-medium\" alt=\"\" loading=\"lazy\" \/><\/div>\n<div class=\"carousel-slider__item\"><img width=\"250\" height=\"142\" src=\"http:\/\/biraykumas.com.tr\/wp-content\/uploads\/2022\/01\/massimoduttiescudo.png\" class=\"attachment-medium size-medium\" alt=\"\" loading=\"lazy\" \/><\/div>\n<div class=\"carousel-slider__item\"><img width=\"250\" height=\"142\" src=\"http:\/\/biraykumas.com.tr\/wp-content\/uploads\/2022\/01\/marks-spencer.png\" class=\"attachment-medium size-medium\" alt=\"\" loading=\"lazy\" \/><\/div>\n<div class=\"carousel-slider__item\"><img width=\"250\" height=\"142\" src=\"http:\/\/biraykumas.com.tr\/wp-content\/uploads\/2022\/01\/Lacoste.png\" class=\"attachment-medium size-medium\" alt=\"\" loading=\"lazy\" \/><\/div>\n<div class=\"carousel-slider__item\"><img width=\"250\" height=\"142\" src=\"http:\/\/biraykumas.com.tr\/wp-content\/uploads\/2022\/01\/Hugo-Boss.png\" class=\"attachment-medium size-medium\" alt=\"\" loading=\"lazy\" \/><\/div>\n<div class=\"carousel-slider__item\"><img width=\"250\" height=\"142\" src=\"http:\/\/biraykumas.com.tr\/wp-content\/uploads\/2022\/01\/GAP.png\" class=\"attachment-medium size-medium\" alt=\"\" loading=\"lazy\" \/><\/div>\n<div class=\"carousel-slider__item\"><img width=\"250\" height=\"142\" src=\"http:\/\/biraykumas.com.tr\/wp-content\/uploads\/2022\/01\/GANT.png\" class=\"attachment-medium size-medium\" alt=\"\" loading=\"lazy\" \/><\/div>\n<div class=\"carousel-slider__item\"><img width=\"250\" height=\"142\" src=\"http:\/\/biraykumas.com.tr\/wp-content\/uploads\/2022\/01\/ESPRIT.png\" class=\"attachment-medium size-medium\" alt=\"\" loading=\"lazy\" \/><\/div>\n<\/div><!-- .carousel-slider-289 -->\n<\/div><!-- .carousel-slider-outer-289 -->\n\n<\/div><\/div>\n\n\n\n<p class=\"text-lg lg:text-xl text-dark w-full mt-2\">De\u011fi\u015fen \u0130klim ko\u015fullar\u0131na g\u00f6re insan tenine en yumu\u015fak dokunu\u015fu sa\u011flayacak elyaflar\u0131 se\u00e7erken, en ileri teknolojiyi kullanarak do\u011fadan yarat\u0131lan elyaflar\u0131 insanlar\u0131n ihtiya\u00e7lar\u0131na hizmet eden bir \u00fcr\u00fcn haline getirmekteyiz.<br><br><a href=\"http:\/\/biraykumas.com.tr\/tr\/kumaslarimiz\/\" data-type=\"page\" data-id=\"542\">Kuma\u015f \u00e7e\u015fitlerimiz  ><\/a><br><br><br><strong>B\u0130RAY<\/strong>, yery\u00fcz\u00fcne olan minnettarl\u0131\u011f\u0131n\u0131 ve payda\u015flar\u0131na kar\u015f\u0131 etik sorumluluklar\u0131n\u0131 asla unutmaz. Uzman kalite kontrol ekibi ile birlikte, hammadde giri\u015finden son terbiye i\u015flemlerine kadar \u00fcretim a\u015famalar\u0131nda t\u00fcm detaylar\u0131 g\u00f6zlemleyip, uluslararas\u0131 onayl\u0131 laboratuvar ekipmanlar\u0131 ile test ederek,\u00fcretilen kuma\u015flar\u0131 m\u00fc\u015fterilerine en do\u011fru \u015fekilde ula\u015ft\u0131rmaktad\u0131r.<\/p>\n\n\n\n<p class=\"mainbutton mt-8 mb-8\"><a href=\"http:\/\/biraykumas.com.tr\/tr\/apre\/\" data-type=\"page\" data-id=\"536\">\u00d6ZEL APRE \u00c7E\u015eITLERIMIZ<\/a><\/p>\n\n\n\n<div class=\"wp-block-buttons\"><\/div>\n\n\n\n<p class=\"text-lg lg:text-xl text-dark w-full mt-2\"><strong>B\u0130RAY<\/strong>, moda d\u00fcnyas\u0131n\u0131 yak\u0131ndan inceleyen ve gelecek trendleri m\u00fc\u015fteri ihtiya\u00e7lar\u0131na g\u00f6re tasar\u0131mlar\u0131na yorumlayan gen\u00e7 ve tutkulu bir tasar\u0131m ekibine sahiptir.<\/p>\n<\/div><\/div>\n\n\n\n<div class=\"wp-block-cover\" style=\"min-height:300px\"><img loading=\"lazy\" width=\"1438\" height=\"316\" class=\"wp-block-cover__image-background wp-image-455\" alt=\"\" src=\"http:\/\/biraykumas.com.tr\/wp-content\/uploads\/2022\/01\/part2-2.jpg\" data-object-fit=\"cover\" srcset=\"http:\/\/biraykumas.com.tr\/wp-content\/uploads\/2022\/01\/part2-2.jpg 1438w, http:\/\/biraykumas.com.tr\/wp-content\/uploads\/2022\/01\/part2-2-300x66.jpg 300w, http:\/\/biraykumas.com.tr\/wp-content\/uploads\/2022\/01\/part2-2-1024x225.jpg 1024w, http:\/\/biraykumas.com.tr\/wp-content\/uploads\/2022\/01\/part2-2-768x169.jpg 768w, http:\/\/biraykumas.com.tr\/wp-content\/uploads\/2022\/01\/part2-2-1200x264.jpg 1200w\" sizes=\"(max-width: 1438px) 100vw, 1438px\" \/><div class=\"wp-block-cover__inner-container\">\n<h3 class=\"container mx-auto font-extrabold text-2xl lg:text-4xl uppercase text-center has-primary-color has-text-color\">S\u0130Z\u0130N HAYALLER\u0130N\u0130Z B\u0130Z\u0130M<br>MOT\u0130VASYONUMUZDUR<\/h3>\n<\/div><\/div>\n\n\n\n<div class=\"wp-block-group container mx-auto flex flex-col px-10 mb-4 w-full lg:px-40 lg:pt-20\"><div class=\"wp-block-group__inner-container\"><div class=\"carousel-slider-outer carousel-slider-outer-image-carousel carousel-slider-outer-310\">\n<div id=\"&#039;id-310\" class=\"owl-carousel carousel-slider carousel-slider-310 arrows-visibility-hover arrows-outside dots-visibility-never dots-center dots-circle\" style=\"--carousel-slider-nav-color:rgb(135,135,135);--carousel-slider-active-nav-color:rgb(204,204,204);--carousel-slider-arrow-size:56px;--carousel-slider-bullet-size:10px\" data-slide-type=\"image-carousel\" data-owl-settings='{\"nav\":true,\"dots\":false,\"slideBy\":1,\"stagePadding\":0,\"margin\":10,\"loop\":true,\"autoplay\":true,\"autoplayTimeout\":5000,\"autoplaySpeed\":500,\"autoplayHoverPause\":true,\"lazyLoad\":false,\"autoWidth\":false,\"responsive\":{\"300\":{\"items\":3},\"600\":{\"items\":3},\"768\":{\"items\":3},\"1024\":{\"items\":3},\"1200\":{\"items\":4},\"1921\":{\"items\":4}}}'>\n<div class=\"carousel-slider__item\"><img width=\"150\" height=\"150\" src=\"http:\/\/biraykumas.com.tr\/wp-content\/uploads\/2022\/01\/part-3_8-150x150.jpg\" class=\"attachment-thumbnail size-thumbnail\" alt=\"\" loading=\"lazy\" srcset=\"http:\/\/biraykumas.com.tr\/wp-content\/uploads\/2022\/01\/part-3_8-150x150.jpg 150w, http:\/\/biraykumas.com.tr\/wp-content\/uploads\/2022\/01\/part-3_8-300x300.jpg 300w, http:\/\/biraykumas.com.tr\/wp-content\/uploads\/2022\/01\/part-3_8-1024x1024.jpg 1024w, http:\/\/biraykumas.com.tr\/wp-content\/uploads\/2022\/01\/part-3_8-768x768.jpg 768w, http:\/\/biraykumas.com.tr\/wp-content\/uploads\/2022\/01\/part-3_8-1200x1200.jpg 1200w, http:\/\/biraykumas.com.tr\/wp-content\/uploads\/2022\/01\/part-3_8.jpg 1250w\" sizes=\"(max-width: 150px) 100vw, 150px\" \/><\/div>\n<div class=\"carousel-slider__item\"><img width=\"150\" height=\"150\" src=\"http:\/\/biraykumas.com.tr\/wp-content\/uploads\/2022\/01\/part-3_7-150x150.jpg\" class=\"attachment-thumbnail size-thumbnail\" alt=\"\" loading=\"lazy\" srcset=\"http:\/\/biraykumas.com.tr\/wp-content\/uploads\/2022\/01\/part-3_7-150x150.jpg 150w, http:\/\/biraykumas.com.tr\/wp-content\/uploads\/2022\/01\/part-3_7-300x300.jpg 300w, http:\/\/biraykumas.com.tr\/wp-content\/uploads\/2022\/01\/part-3_7-1024x1024.jpg 1024w, http:\/\/biraykumas.com.tr\/wp-content\/uploads\/2022\/01\/part-3_7-768x768.jpg 768w, http:\/\/biraykumas.com.tr\/wp-content\/uploads\/2022\/01\/part-3_7-1200x1200.jpg 1200w, http:\/\/biraykumas.com.tr\/wp-content\/uploads\/2022\/01\/part-3_7.jpg 1250w\" sizes=\"(max-width: 150px) 100vw, 150px\" \/><\/div>\n<div class=\"carousel-slider__item\"><img width=\"150\" height=\"150\" src=\"http:\/\/biraykumas.com.tr\/wp-content\/uploads\/2022\/01\/part-3_1-150x150.jpg\" class=\"attachment-thumbnail size-thumbnail\" alt=\"\" loading=\"lazy\" srcset=\"http:\/\/biraykumas.com.tr\/wp-content\/uploads\/2022\/01\/part-3_1-150x150.jpg 150w, http:\/\/biraykumas.com.tr\/wp-content\/uploads\/2022\/01\/part-3_1-300x300.jpg 300w, http:\/\/biraykumas.com.tr\/wp-content\/uploads\/2022\/01\/part-3_1-1024x1024.jpg 1024w, http:\/\/biraykumas.com.tr\/wp-content\/uploads\/2022\/01\/part-3_1-768x768.jpg 768w, http:\/\/biraykumas.com.tr\/wp-content\/uploads\/2022\/01\/part-3_1-1200x1200.jpg 1200w, http:\/\/biraykumas.com.tr\/wp-content\/uploads\/2022\/01\/part-3_1.jpg 1250w\" sizes=\"(max-width: 150px) 100vw, 150px\" \/><\/div>\n<div class=\"carousel-slider__item\"><img width=\"150\" height=\"150\" src=\"http:\/\/biraykumas.com.tr\/wp-content\/uploads\/2022\/01\/part-3_6-150x150.jpg\" class=\"attachment-thumbnail size-thumbnail\" alt=\"\" loading=\"lazy\" srcset=\"http:\/\/biraykumas.com.tr\/wp-content\/uploads\/2022\/01\/part-3_6-150x150.jpg 150w, http:\/\/biraykumas.com.tr\/wp-content\/uploads\/2022\/01\/part-3_6-300x300.jpg 300w, http:\/\/biraykumas.com.tr\/wp-content\/uploads\/2022\/01\/part-3_6-1024x1024.jpg 1024w, http:\/\/biraykumas.com.tr\/wp-content\/uploads\/2022\/01\/part-3_6-768x768.jpg 768w, http:\/\/biraykumas.com.tr\/wp-content\/uploads\/2022\/01\/part-3_6-1200x1200.jpg 1200w, http:\/\/biraykumas.com.tr\/wp-content\/uploads\/2022\/01\/part-3_6.jpg 1250w\" sizes=\"(max-width: 150px) 100vw, 150px\" \/><\/div>\n<div class=\"carousel-slider__item\"><img width=\"150\" height=\"150\" src=\"http:\/\/biraykumas.com.tr\/wp-content\/uploads\/2022\/01\/part-3_5-150x150.jpg\" class=\"attachment-thumbnail size-thumbnail\" alt=\"\" loading=\"lazy\" srcset=\"http:\/\/biraykumas.com.tr\/wp-content\/uploads\/2022\/01\/part-3_5-150x150.jpg 150w, http:\/\/biraykumas.com.tr\/wp-content\/uploads\/2022\/01\/part-3_5-300x300.jpg 300w, http:\/\/biraykumas.com.tr\/wp-content\/uploads\/2022\/01\/part-3_5-1024x1024.jpg 1024w, http:\/\/biraykumas.com.tr\/wp-content\/uploads\/2022\/01\/part-3_5-768x768.jpg 768w, http:\/\/biraykumas.com.tr\/wp-content\/uploads\/2022\/01\/part-3_5-1200x1200.jpg 1200w, http:\/\/biraykumas.com.tr\/wp-content\/uploads\/2022\/01\/part-3_5.jpg 1250w\" sizes=\"(max-width: 150px) 100vw, 150px\" \/><\/div>\n<div class=\"carousel-slider__item\"><img width=\"150\" height=\"150\" src=\"http:\/\/biraykumas.com.tr\/wp-content\/uploads\/2022\/01\/part-3_4-150x150.jpg\" class=\"attachment-thumbnail size-thumbnail\" alt=\"\" loading=\"lazy\" srcset=\"http:\/\/biraykumas.com.tr\/wp-content\/uploads\/2022\/01\/part-3_4-150x150.jpg 150w, http:\/\/biraykumas.com.tr\/wp-content\/uploads\/2022\/01\/part-3_4-300x300.jpg 300w, http:\/\/biraykumas.com.tr\/wp-content\/uploads\/2022\/01\/part-3_4-1024x1024.jpg 1024w, http:\/\/biraykumas.com.tr\/wp-content\/uploads\/2022\/01\/part-3_4-768x768.jpg 768w, http:\/\/biraykumas.com.tr\/wp-content\/uploads\/2022\/01\/part-3_4-1200x1200.jpg 1200w, http:\/\/biraykumas.com.tr\/wp-content\/uploads\/2022\/01\/part-3_4.jpg 1250w\" sizes=\"(max-width: 150px) 100vw, 150px\" \/><\/div>\n<div class=\"carousel-slider__item\"><img width=\"150\" height=\"150\" src=\"http:\/\/biraykumas.com.tr\/wp-content\/uploads\/2022\/01\/part-3_3-150x150.jpg\" class=\"attachment-thumbnail size-thumbnail\" alt=\"\" loading=\"lazy\" srcset=\"http:\/\/biraykumas.com.tr\/wp-content\/uploads\/2022\/01\/part-3_3-150x150.jpg 150w, http:\/\/biraykumas.com.tr\/wp-content\/uploads\/2022\/01\/part-3_3-300x300.jpg 300w, http:\/\/biraykumas.com.tr\/wp-content\/uploads\/2022\/01\/part-3_3-1024x1024.jpg 1024w, http:\/\/biraykumas.com.tr\/wp-content\/uploads\/2022\/01\/part-3_3-768x768.jpg 768w, http:\/\/biraykumas.com.tr\/wp-content\/uploads\/2022\/01\/part-3_3-1200x1200.jpg 1200w, http:\/\/biraykumas.com.tr\/wp-content\/uploads\/2022\/01\/part-3_3.jpg 1250w\" sizes=\"(max-width: 150px) 100vw, 150px\" \/><\/div>\n<div class=\"carousel-slider__item\"><img width=\"150\" height=\"150\" src=\"http:\/\/biraykumas.com.tr\/wp-content\/uploads\/2022\/01\/part-3_2-150x150.jpg\" class=\"attachment-thumbnail size-thumbnail\" alt=\"\" loading=\"lazy\" srcset=\"http:\/\/biraykumas.com.tr\/wp-content\/uploads\/2022\/01\/part-3_2-150x150.jpg 150w, http:\/\/biraykumas.com.tr\/wp-content\/uploads\/2022\/01\/part-3_2-300x300.jpg 300w, http:\/\/biraykumas.com.tr\/wp-content\/uploads\/2022\/01\/part-3_2-1024x1024.jpg 1024w, http:\/\/biraykumas.com.tr\/wp-content\/uploads\/2022\/01\/part-3_2-768x768.jpg 768w, http:\/\/biraykumas.com.tr\/wp-content\/uploads\/2022\/01\/part-3_2-1200x1200.jpg 1200w, http:\/\/biraykumas.com.tr\/wp-content\/uploads\/2022\/01\/part-3_2.jpg 1250w\" sizes=\"(max-width: 150px) 100vw, 150px\" \/><\/div>\n<\/div><!-- .carousel-slider-310 -->\n<\/div><!-- .carousel-slider-outer-310 -->\n\n\n\n\n<p class=\"text-lg lg:text-xl mt-8\"><strong>Biray<\/strong> felsefesi odak noktas\u0131 m\u00fc\u015fteri olan profesyonllerimiz taraf\u0131ndan y\u00f6nlendirilir. hammadde giri\u015finden mamul \u00e7\u0131k\u0131\u015f\u0131na kadar olan b\u00fct\u00fcn \u00fcretim a\u015famalar\u0131nda t\u00fcm detaylar\u0131 g\u00f6zlemlemekte ,uluslararas\u0131 onayl\u0131 laboratuar ekipman\u0131 ile test ederek, \u00fcretilen kuma\u015f\u0131 insan sa\u011fl\u0131\u011f\u0131na ve kullan\u0131m\u0131na en uygun \u015fekilde m\u00fc\u015fterilerine teslim etmektedir. <\/p>\n<\/div><\/div>\n\n\n\n<div class=\"wp-block-cover\" style=\"min-height:200px\"><img loading=\"lazy\" width=\"1438\" height=\"316\" class=\"wp-block-cover__image-background wp-image-431\" alt=\"\" src=\"http:\/\/biraykumas.com.tr\/wp-content\/uploads\/2022\/01\/part4.jpg\" data-object-fit=\"cover\" srcset=\"http:\/\/biraykumas.com.tr\/wp-content\/uploads\/2022\/01\/part4.jpg 1438w, http:\/\/biraykumas.com.tr\/wp-content\/uploads\/2022\/01\/part4-300x66.jpg 300w, http:\/\/biraykumas.com.tr\/wp-content\/uploads\/2022\/01\/part4-1024x225.jpg 1024w, http:\/\/biraykumas.com.tr\/wp-content\/uploads\/2022\/01\/part4-768x169.jpg 768w, http:\/\/biraykumas.com.tr\/wp-content\/uploads\/2022\/01\/part4-1200x264.jpg 1200w\" sizes=\"(max-width: 1438px) 100vw, 1438px\" \/><div class=\"wp-block-cover__inner-container\">\n<p class=\"has-text-align-center has-large-font-size\"><\/p>\n<\/div><\/div>\n\n\n\n<div class=\"wp-block-group container mx-auto flex flex-col justify-center items-center py-10 px-6 lg:px-40 text-center lg:mb-12\"><div class=\"wp-block-group__inner-container\">\n<h3 class=\"font-bold mb-0 text-2xl lg:text-4xl leading-tight uppercase\">\u00d6RME KUMA\u015e \u00dcRET\u0130M\u0130NDE SPES\u0130F\u0130K \u00c7\u00d6Z\u00dcMLER<br>M\u0130 ARIYROSUNUZ?<\/h3>\n\n\n\n<p class=\"text-sm text-gray mt-2 mb-4 lg:text-2xl\">Bizimle ileti\u015fim kurun.<\/p>\n\n\n\n<p class=\"mainbutton\"><a href=\"https:\/\/biray.com.tr\/tr\/contact\">\u0130LETI\u015eIM<\/a><\/p>\n<\/div><\/div>\n","protected":false},"excerpt":{"rendered":"<p>De\u011fer \u00dcretiyoruz ! 2010&#8217;dan bu zamana \u00f6rme kuma\u015f tasar\u0131m ve \u00fcretim ekibimiz m\u00fc\u015fteri memnuniyetini en \u00fcst seviyede tutarak en iyi \u00f6rme kuma\u015flar\u0131n \u00fcretilmesini sa\u011flam\u0131\u015ft\u0131r. B\u0130RAY ola\u011fan\u00fcst\u00fc bilgi birikimi, yenilik\u00e7i vizyonu ve s\u00fcrekli geli\u015fmeye a\u00e7\u0131k benzersiz vaadi, firmam\u0131z\u0131 h\u0131zla d\u00fcnyaca \u00fcnl\u00fc bir\u00e7ok markan\u0131n g\u00fcvenilir tedarik\u00e7isi haline getirmi\u015ftir. De\u011fi\u015fen \u0130klim ko\u015fullar\u0131na g\u00f6re insan tenine en yumu\u015fak dokunu\u015fu [&hellip;]<\/p>\n","protected":false},"author":1,"featured_media":0,"parent":0,"menu_order":0,"comment_status":"closed","ping_status":"closed","template":"","meta":[],"_links":{"self":[{"href":"http:\/\/biraykumas.com.tr\/tr\/wp-json\/wp\/v2\/pages\/554"}],"collection":[{"href":"http:\/\/biraykumas.com.tr\/tr\/wp-json\/wp\/v2\/pages"}],"about":[{"href":"http:\/\/biraykumas.com.tr\/tr\/wp-json\/wp\/v2\/types\/page"}],"author":[{"embeddable":true,"href":"http:\/\/biraykumas.com.tr\/tr\/wp-json\/wp\/v2\/users\/1"}],"replies":[{"embeddable":true,"href":"http:\/\/biraykumas.com.tr\/tr\/wp-json\/wp\/v2\/comments?post=554"}],"version-history":[{"count":9,"href":"http:\/\/biraykumas.com.tr\/tr\/wp-json\/wp\/v2\/pages\/554\/revisions"}],"predecessor-version":[{"id":1512,"href":"http:\/\/biraykumas.com.tr\/tr\/wp-json\/wp\/v2\/pages\/554\/revisions\/1512"}],"wp:attachment":[{"href":"http:\/\/biraykumas.com.tr\/tr\/wp-json\/wp\/v2\/media?parent=554"}],"curies":[{"name":"wp","href":"https:\/\/api.w.org\/{rel}","templated":true}]}}