{"id":546,"date":"2022-01-15T11:31:05","date_gmt":"2022-01-15T11:31:05","guid":{"rendered":"http:\/\/biraykumas.com.tr\/iletisim\/"},"modified":"2022-01-17T10:53:48","modified_gmt":"2022-01-17T10:53:48","slug":"iletisim","status":"publish","type":"page","link":"http:\/\/biraykumas.com.tr\/tr\/iletisim\/","title":{"rendered":"\u0130leti\u015fim"},"content":{"rendered":"\n<div class=\"wp-block-cover lg:pl-36\" style=\"min-height:200px\"><img loading=\"lazy\" width=\"1438\" height=\"316\" class=\"wp-block-cover__image-background wp-image-501\" alt=\"\" src=\"http:\/\/biraykumas.com.tr\/wp-content\/uploads\/2022\/01\/part1-4.jpg\" data-object-fit=\"cover\" srcset=\"http:\/\/biraykumas.com.tr\/wp-content\/uploads\/2022\/01\/part1-4.jpg 1438w, http:\/\/biraykumas.com.tr\/wp-content\/uploads\/2022\/01\/part1-4-300x66.jpg 300w, http:\/\/biraykumas.com.tr\/wp-content\/uploads\/2022\/01\/part1-4-1024x225.jpg 1024w, http:\/\/biraykumas.com.tr\/wp-content\/uploads\/2022\/01\/part1-4-768x169.jpg 768w, http:\/\/biraykumas.com.tr\/wp-content\/uploads\/2022\/01\/part1-4-1200x264.jpg 1200w\" sizes=\"(max-width: 1438px) 100vw, 1438px\" \/><div class=\"wp-block-cover__inner-container\">\n<p class=\"uppercase hidden text-black font-bold lg:block lg:text-5xl lg:text-1xl mb-24 lg:mt-20 w-4\/5 leading-10 lg:leading-none has-primary-color has-text-color has-large-font-size\">\u0130LETI\u015eIM BILGILERI<\/p>\n<\/div><\/div>\n\n\n\n<div class=\"wp-block-group container w-full p-8 px-14 mb-4 lg:mt-4 lg:px-36 lg:py-1\"><div class=\"wp-block-group__inner-container\">\n<h3 class=\"leading-6 text-lg mt-4 font-bold lg:text-xl mb-4\">Profesyonellerden olu\u015fan ekibimiz sorular\u0131n\u0131z\u0131 yan\u0131tlamak i\u00e7in her zaman haz\u0131rd\u0131r,<br>ileti\u015fim bilgilerinizi b\u0131rak\u0131rsan\u0131z, size en k\u0131sa s\u00fcrede ula\u015faca\u011f\u0131z.<\/h3>\n\n\n<div class=\"wpforms-container wpforms-container-full\" id=\"wpforms-1465\"><form id=\"wpforms-form-1465\" class=\"wpforms-validate wpforms-form wpforms-ajax-form\" data-formid=\"1465\" method=\"post\" enctype=\"multipart\/form-data\" action=\"\/tr\/wp-json\/wp\/v2\/pages\/546\" data-token=\"b999d3f5b3c6a49bb9411d5e0faf1838\"><noscript class=\"wpforms-error-noscript\">Please enable JavaScript in your browser to complete this form.<\/noscript><div class=\"wpforms-field-container\"><div id=\"wpforms-1465-field_0-container\" class=\"wpforms-field wpforms-field-name wpforms-one-half wpforms-first\" data-field-id=\"0\"><label class=\"wpforms-field-label\" for=\"wpforms-1465-field_0\">\u0130sim <span class=\"wpforms-required-label\">*<\/span><\/label><input type=\"text\" id=\"wpforms-1465-field_0\" class=\"wpforms-field-large wpforms-field-required\" name=\"wpforms[fields][0]\" required><\/div><div id=\"wpforms-1465-field_5-container\" class=\"wpforms-field wpforms-field-text wpforms-one-half\" data-field-id=\"5\"><label class=\"wpforms-field-label\" for=\"wpforms-1465-field_5\">Soyisim<\/label><input type=\"text\" id=\"wpforms-1465-field_5\" class=\"wpforms-field-large\" name=\"wpforms[fields][5]\" ><\/div><div id=\"wpforms-1465-field_6-container\" class=\"wpforms-field wpforms-field-text wpforms-one-half wpforms-first\" data-field-id=\"6\"><label class=\"wpforms-field-label\" for=\"wpforms-1465-field_6\">Telefon<\/label><input type=\"text\" id=\"wpforms-1465-field_6\" class=\"wpforms-field-large\" name=\"wpforms[fields][6]\" ><\/div><div id=\"wpforms-1465-field_1-container\" class=\"wpforms-field wpforms-field-email wpforms-one-half wpforms-one-half\" data-field-id=\"1\"><label class=\"wpforms-field-label\" for=\"wpforms-1465-field_1\">Email <span class=\"wpforms-required-label\">*<\/span><\/label><input type=\"email\" id=\"wpforms-1465-field_1\" class=\"wpforms-field-large wpforms-field-required\" name=\"wpforms[fields][1]\" required><\/div><div id=\"wpforms-1465-field_2-container\" class=\"wpforms-field wpforms-field-textarea\" data-field-id=\"2\"><label class=\"wpforms-field-label\" for=\"wpforms-1465-field_2\">Mesaj\u0131n\u0131z <span class=\"wpforms-required-label\">*<\/span><\/label><textarea id=\"wpforms-1465-field_2\" class=\"wpforms-field-medium wpforms-field-required\" name=\"wpforms[fields][2]\" required><\/textarea><div class=\"wpforms-field-description\">Se\u00e7ili alanlar\u0131 doldurman\u0131z gerekmektedir.\r\n<br>\r\nKi\u015fisel verilerinizin korunmas\u0131 ile ilgili politikam\u0131z i\u00e7in l\u00fctfen buraya t\u0131klay\u0131n\u0131z<\/div><\/div><\/div><div class=\"wpforms-submit-container\"><input type=\"hidden\" name=\"wpforms[id]\" value=\"1465\"><input type=\"hidden\" name=\"wpforms[author]\" value=\"1\"><button type=\"submit\" name=\"wpforms[submit]\" id=\"wpforms-submit-1465\" class=\"wpforms-submit submitbutton\" data-alt-text=\"G\u00d6NDER...\" data-submit-text=\"G\u00d6NDER\" aria-live=\"assertive\" value=\"wpforms-submit\">G\u00d6NDER<\/button><img src=\"http:\/\/biraykumas.com.tr\/wp-content\/plugins\/wpforms-lite\/assets\/images\/submit-spin.svg\" class=\"wpforms-submit-spinner\" style=\"display: none;\" width=\"26\" height=\"26\" alt=\"\"><\/div><\/form><\/div>  <!-- .wpforms-container --><\/div><\/div>\n\n\n\n<div class=\"wp-block-group flex flex-row flex-wrap p-8 pl-14 mb-4 lg:px-36 lg:py-12 lg:order-2\"><div class=\"wp-block-group__inner-container\">\n<h2>\u0130LETI\u015eIM BILGILERI<\/h2>\n\n\n\n<h3 class=\"leading-6 text-lg lg:text-2xl mt-4\">B\u0130RAY KUMA\u015e SANAY\u0130 T\u0130CARET A.\u015e<\/h3>\n\n\n\n<p class=\"lg:text-2xl mt-4\">Adres:<br><a target=\"_blank\" href=\"https:\/\/goo.gl\/maps\/7eugRf7YCsb6gT5DA\" rel=\"noreferrer noopener\"><\/a><a target=\"_blank\" href=\"https:\/\/goo.gl\/maps\/7eugRf7YCsb6gT5DA\" rel=\"noreferrer noopener\">Bak\u0131r ve Pirin\u00e7ciler Sanayi Sitesi<br>A\u00e7elya Cad. No:33\/A<br>34524 Beylikd\u00fcz\u00fc<br>ISTANBUL \/ TURKEY<\/a><\/p>\n\n\n\n<p class=\"lg:text-2xl mt-10 mb-10\">Telefon:<br><a href=\"tel:+90%20532%20521%2056%2089\"><strong>+90 532 521 56 89<\/strong><\/a><\/p>\n\n\n\n<p class=\"lg:text-2xl mt-4 has-primary-color has-text-color\">Fax: <strong>+ 90 212 876 99 05<\/strong><br><a href=\"mailto:ozgur@biraykumas.com.tr\"><strong>ozgur@biraykumas.com.tr<\/strong><\/a><\/p>\n<\/div><\/div>\n\n\n\n<iframe src=\"https:\/\/www.google.com\/maps\/embed?pb=!1m14!1m8!1m3!1d6022.31693734099!2d28.65567167311365!3d40.99990458650275!3m2!1i1024!2i768!4f13.1!3m3!1m2!1s0x0%3A0xbf2921978c71d59e!2sBiray%20Kuma%C5%9F!5e0!3m2!1sen!2str!4v1634281315518!5m2!1sen!2str\" width=\"600\" height=\"450\" style=\"{{\" allowfullscreen=\"\" loading=\"lazy\" classname=\"w-full\" border:=\"\"><\/iframe>\n","protected":false},"excerpt":{"rendered":"<p>Profesyonellerden olu\u015fan ekibimiz sorular\u0131n\u0131z\u0131 yan\u0131tlamak i\u00e7in her zaman haz\u0131rd\u0131r,ileti\u015fim bilgilerinizi b\u0131rak\u0131rsan\u0131z, size en k\u0131sa s\u00fcrede ula\u015faca\u011f\u0131z. \u0130LETI\u015eIM BILGILERI B\u0130RAY KUMA\u015e SANAY\u0130 T\u0130CARET A.\u015e Adres:Bak\u0131r ve Pirin\u00e7ciler Sanayi SitesiA\u00e7elya Cad. No:33\/A34524 Beylikd\u00fcz\u00fcISTANBUL \/ TURKEY Telefon:+90 532 521 56 89 Fax: + 90 212 876 99 05ozgur@biraykumas.com.tr<\/p>\n","protected":false},"author":1,"featured_media":0,"parent":0,"menu_order":0,"comment_status":"closed","ping_status":"closed","template":"","meta":[],"_links":{"self":[{"href":"http:\/\/biraykumas.com.tr\/tr\/wp-json\/wp\/v2\/pages\/546"}],"collection":[{"href":"http:\/\/biraykumas.com.tr\/tr\/wp-json\/wp\/v2\/pages"}],"about":[{"href":"http:\/\/biraykumas.com.tr\/tr\/wp-json\/wp\/v2\/types\/page"}],"author":[{"embeddable":true,"href":"http:\/\/biraykumas.com.tr\/tr\/wp-json\/wp\/v2\/users\/1"}],"replies":[{"embeddable":true,"href":"http:\/\/biraykumas.com.tr\/tr\/wp-json\/wp\/v2\/comments?post=546"}],"version-history":[{"count":11,"href":"http:\/\/biraykumas.com.tr\/tr\/wp-json\/wp\/v2\/pages\/546\/revisions"}],"predecessor-version":[{"id":1468,"href":"http:\/\/biraykumas.com.tr\/tr\/wp-json\/wp\/v2\/pages\/546\/revisions\/1468"}],"wp:attachment":[{"href":"http:\/\/biraykumas.com.tr\/tr\/wp-json\/wp\/v2\/media?parent=546"}],"curies":[{"name":"wp","href":"https:\/\/api.w.org\/{rel}","templated":true}]}}