{"id":542,"date":"2022-01-15T11:20:24","date_gmt":"2022-01-15T11:20:24","guid":{"rendered":"http:\/\/biraykumas.com.tr\/kumaslarimiz\/"},"modified":"2022-01-17T15:27:38","modified_gmt":"2022-01-17T15:27:38","slug":"kumaslarimiz","status":"publish","type":"page","link":"http:\/\/biraykumas.com.tr\/tr\/kumaslarimiz\/","title":{"rendered":"Kuma\u015flar\u0131m\u0131z"},"content":{"rendered":"\n<div class=\"wp-block-cover\"><img loading=\"lazy\" width=\"1981\" height=\"965\" class=\"wp-block-cover__image-background wp-image-377\" alt=\"\" src=\"http:\/\/biraykumas.com.tr\/wp-content\/uploads\/2022\/01\/part1.jpg\" data-object-fit=\"cover\" srcset=\"http:\/\/biraykumas.com.tr\/wp-content\/uploads\/2022\/01\/part1.jpg 1981w, http:\/\/biraykumas.com.tr\/wp-content\/uploads\/2022\/01\/part1-300x146.jpg 300w, http:\/\/biraykumas.com.tr\/wp-content\/uploads\/2022\/01\/part1-1024x499.jpg 1024w, http:\/\/biraykumas.com.tr\/wp-content\/uploads\/2022\/01\/part1-768x374.jpg 768w, http:\/\/biraykumas.com.tr\/wp-content\/uploads\/2022\/01\/part1-1536x748.jpg 1536w, http:\/\/biraykumas.com.tr\/wp-content\/uploads\/2022\/01\/part1-1200x585.jpg 1200w\" sizes=\"(max-width: 1981px) 100vw, 1981px\" \/><div class=\"wp-block-cover__inner-container\">\n<h1 class=\"lg:pl-40 text-black font-bold text-4xl md:text-5xl lg:text-6xl xl:text-7xl mb-24 lg:mt-20 w-full leading-10 md:leading-tight has-primary-color has-text-color\">Odak noktam\u0131z<br>m\u00fc\u015fteridir<\/h1>\n<\/div><\/div>\n\n\n\n<div class=\"wp-block-group container mx-auto py-20 lg:py-32 px-14 lg:px-32 js-show-on-scroll\"><div class=\"wp-block-group__inner-container\">\n<h2>D\u00dcNYANIN EN \u00d6ZEL ELYAFLARINI<br>\u0130\u015eL\u0130YORUZ<\/h2>\n\n\n\n<p class=\"text-lg lg:text-xl w-full mt-8\">Ara\u015ft\u0131ma geli\u015ftirme ekibimiz her sezon, y\u00fcksek kaliteli iplikler geli\u015ftiren ve pazar taleplerine \u00f6nc\u00fcl\u00fck eden moda trendini analiz etmektedirler.<br>\u00dcr\u00fcnlerimizin tamam\u0131 \u00e7evre dostu olup, ihracat ve yurti\u00e7i sat\u0131\u015flara uygundur, renk se\u00e7imi veya kalite gereksinimlerinden ba\u011f\u0131ms\u0131z olarak ihtiya\u00e7lar\u0131n\u0131z\u0131 kar\u015f\u0131layabilir.Y\u00fcn ve fantazi ipliklerin geli\u015ftirilmesinde do\u011frudan teknolojiye ve yetene\u011fe sahip oldu\u011fumuzdan, size benzersiz \u00f6zelle\u015ftirilmi\u015f kuma\u015flar sunabiliriz.<\/p>\n\n\n\n<p class=\"text-lg lg:text-xl mt-4 underline\"><a href=\"http:\/\/biraykumas.com.tr\/tr\/apre\/\" data-type=\"page\" data-id=\"536\">\u00d6zel aprelerimiz hakk\u0131nda daha fazla bilgi &gt;<\/a><\/p>\n<\/div><\/div>\n\n\n\n<div class=\"wp-block-group container mx-auto px-4 pb-10 lg:py-2 lg:px-36 js-show-on-scroll\"><div class=\"wp-block-group__inner-container\">\n<h2 class=\"px-8 lg:px-0\">B\u0130RAY<br>\u00d6rme kuma\u015f tipleri<\/h2>\n\n\n\n<div class=\"wp-block-group flex flex-col mt-4 lg:mt-8\"><div class=\"wp-block-group__inner-container\">\n<div class=\"wp-block-columns flex-nowrap\">\n<div class=\"wp-block-column\">\n<figure class=\"wp-block-image size-large\"><img loading=\"lazy\" width=\"1024\" height=\"1024\" src=\"http:\/\/biraykumas.com.tr\/wp-content\/uploads\/2022\/01\/Part-2_single-1024x1024.jpg\" alt=\"\" class=\"wp-image-379\" srcset=\"http:\/\/biraykumas.com.tr\/wp-content\/uploads\/2022\/01\/Part-2_single-1024x1024.jpg 1024w, http:\/\/biraykumas.com.tr\/wp-content\/uploads\/2022\/01\/Part-2_single-300x300.jpg 300w, http:\/\/biraykumas.com.tr\/wp-content\/uploads\/2022\/01\/Part-2_single-150x150.jpg 150w, http:\/\/biraykumas.com.tr\/wp-content\/uploads\/2022\/01\/Part-2_single-768x768.jpg 768w, http:\/\/biraykumas.com.tr\/wp-content\/uploads\/2022\/01\/Part-2_single-1200x1200.jpg 1200w, http:\/\/biraykumas.com.tr\/wp-content\/uploads\/2022\/01\/Part-2_single.jpg 1250w\" sizes=\"(max-width: 1024px) 100vw, 1024px\" \/><\/figure>\n<\/div>\n\n\n\n<div class=\"wp-block-column w-6\/12 pl-4 lg:text-2xl lg:pt-4 lg:pl-8\">\n<h3 class=\"uppercase mb-0 lg:text-4xl font-bold\">TEK PLAKA<\/h3>\n\n\n\n<div class=\"wp-block-group lg:mt-4 ml-4 lg:ml-10\"><div class=\"wp-block-group__inner-container\">\n<h5>S\u00dcPREM P\u0130KE<\/h5>\n\n\n\n<h5>\u0130K\u0130 \u0130PL\u0130K<\/h5>\n\n\n\n<h5>\u00dc\u00c7 \u0130PL\u0130K<\/h5>\n<\/div><\/div>\n\n\n\n<p><a href=\"http:\/\/biraykumas.com.tr\/tr\/iletisim\/\" data-type=\"page\" data-id=\"546\">Bizimle irtibat kurun &gt;<\/a><\/p>\n<\/div>\n<\/div>\n<\/div><\/div>\n\n\n\n<div class=\"wp-block-columns flex-nowrap\">\n<div class=\"wp-block-column w-6\/12 pl-4 lg:text-2xl lg:pt-4 lg:pl-8\">\n<h3 class=\"uppercase mb-0 lg:text-4xl font-bold\">\u00c7\u0130FT PLAKA<\/h3>\n\n\n\n<div class=\"wp-block-group lg:mt-4 ml-4 lg:ml-10\"><div class=\"wp-block-group__inner-container\">\n<h5>R\u0130BANA<\/h5>\n\n\n\n<h5>KA\u015eKORSE \u0130NTERLOK<\/h5>\n\n\n\n<h5>\u00c7EL\u0130KL\u0130 \u0130NTERLOK<\/h5>\n<\/div><\/div>\n\n\n\n<p><a href=\"http:\/\/biraykumas.com.tr\/tr\/iletisim\/\" data-type=\"page\" data-id=\"546\">Bizimle irtibat kurun &gt;<\/a><\/p>\n<\/div>\n\n\n\n<div class=\"wp-block-column\">\n<figure class=\"wp-block-image size-large\"><img loading=\"lazy\" width=\"1024\" height=\"1024\" src=\"http:\/\/biraykumas.com.tr\/wp-content\/uploads\/2022\/01\/Part-2_double-1024x1024.jpg\" alt=\"\" class=\"wp-image-381\" srcset=\"http:\/\/biraykumas.com.tr\/wp-content\/uploads\/2022\/01\/Part-2_double-1024x1024.jpg 1024w, http:\/\/biraykumas.com.tr\/wp-content\/uploads\/2022\/01\/Part-2_double-300x300.jpg 300w, http:\/\/biraykumas.com.tr\/wp-content\/uploads\/2022\/01\/Part-2_double-150x150.jpg 150w, http:\/\/biraykumas.com.tr\/wp-content\/uploads\/2022\/01\/Part-2_double-768x768.jpg 768w, http:\/\/biraykumas.com.tr\/wp-content\/uploads\/2022\/01\/Part-2_double-1200x1200.jpg 1200w, http:\/\/biraykumas.com.tr\/wp-content\/uploads\/2022\/01\/Part-2_double.jpg 1250w\" sizes=\"(max-width: 1024px) 100vw, 1024px\" \/><\/figure>\n<\/div>\n<\/div>\n\n\n\n<div class=\"wp-block-columns flex-nowrap\">\n<div class=\"wp-block-column\">\n<figure class=\"wp-block-image size-large\"><img loading=\"lazy\" width=\"1024\" height=\"1024\" src=\"http:\/\/biraykumas.com.tr\/wp-content\/uploads\/2022\/01\/Part-2_single-1-1024x1024.jpg\" alt=\"\" class=\"wp-image-383\" srcset=\"http:\/\/biraykumas.com.tr\/wp-content\/uploads\/2022\/01\/Part-2_single-1-1024x1024.jpg 1024w, http:\/\/biraykumas.com.tr\/wp-content\/uploads\/2022\/01\/Part-2_single-1-300x300.jpg 300w, http:\/\/biraykumas.com.tr\/wp-content\/uploads\/2022\/01\/Part-2_single-1-150x150.jpg 150w, http:\/\/biraykumas.com.tr\/wp-content\/uploads\/2022\/01\/Part-2_single-1-768x768.jpg 768w, http:\/\/biraykumas.com.tr\/wp-content\/uploads\/2022\/01\/Part-2_single-1-1200x1200.jpg 1200w, http:\/\/biraykumas.com.tr\/wp-content\/uploads\/2022\/01\/Part-2_single-1.jpg 1250w\" sizes=\"(max-width: 1024px) 100vw, 1024px\" \/><\/figure>\n<\/div>\n\n\n\n<div class=\"wp-block-column w-6\/12 pl-4 lg:text-2xl lg:pt-4 lg:pl-8\">\n<h3 class=\"uppercase mb-0 lg:text-4xl font-bold\">SPES\u0130YAL \u00d6RMELER<\/h3>\n\n\n\n<div class=\"wp-block-group ml-4 lg:ml-10 lg:mt-4\"><div class=\"wp-block-group__inner-container\">\n<h5>JAKAR<\/h5>\n\n\n\n<h5>HAVLU<\/h5>\n\n\n\n<h5>KAD\u0130FE<\/h5>\n\n\n\n<h5>TRANSFER<\/h5>\n<\/div><\/div>\n\n\n\n<p><a href=\"http:\/\/biraykumas.com.tr\/tr\/iletisim\/\" data-type=\"page\" data-id=\"546\">Bizimle irtibat kurun &gt;<\/a><\/p>\n<\/div>\n<\/div>\n<\/div><\/div>\n\n\n\n<div class=\"wp-block-group\"><div class=\"wp-block-group__inner-container\">\n<div class=\"wp-block-group\"><div class=\"wp-block-group__inner-container\">\n<div class=\"wp-block-cover p-0 w-full lg:mt-16 bg-cover bg-left lg:bg-center flex items-center justify-center js-show-on-scroll\" style=\"min-height:600px\"><img loading=\"lazy\" width=\"1440\" height=\"954\" class=\"wp-block-cover__image-background wp-image-385\" alt=\"\" src=\"http:\/\/biraykumas.com.tr\/wp-content\/uploads\/2022\/01\/Part-3.jpg\" data-object-fit=\"cover\" srcset=\"http:\/\/biraykumas.com.tr\/wp-content\/uploads\/2022\/01\/Part-3.jpg 1440w, http:\/\/biraykumas.com.tr\/wp-content\/uploads\/2022\/01\/Part-3-300x199.jpg 300w, http:\/\/biraykumas.com.tr\/wp-content\/uploads\/2022\/01\/Part-3-1024x678.jpg 1024w, http:\/\/biraykumas.com.tr\/wp-content\/uploads\/2022\/01\/Part-3-768x509.jpg 768w, http:\/\/biraykumas.com.tr\/wp-content\/uploads\/2022\/01\/Part-3-1200x795.jpg 1200w\" sizes=\"(max-width: 1440px) 100vw, 1440px\" \/><div class=\"wp-block-cover__inner-container\">\n<div id=\"fabricList\" class=\"wp-block-group bg-white w-full lg:px-40 flex items-center justify-center list-fabrics\"><div class=\"wp-block-group__inner-container\">\n<h2 class=\"has-primary-color has-text-color\">ELYAF TIPLERIMIZ<\/h2>\n\n\n\n<ul><li><\/li><\/ul>\n\n\n\n<ul class=\"h-64 lg:h-36 flex flex-col flex-wrap w-full lg:text-2xl has-primary-color has-text-color\"><li>\u2022 Asetat<\/li><li>\u2022 Ka\u015fmir<\/li><li>\u2022 Pamuk<\/li><li>\u2022 Y\u00fcn<\/li><li>\u2022 \u0130pek<\/li><li>\u2022 Kenevir<\/li><li>\u2022 Keten<\/li><li>\u2022 Modal<\/li><li>\u2022 Sim<\/li><li>\u2022 Polyamid<\/li><li>\u2022 Polyester<\/li><li>\u2022 Viskon<\/li><\/ul>\n<\/div><\/div>\n<\/div><\/div>\n<\/div><\/div>\n<\/div><\/div>\n\n\n\n<p><\/p>\n","protected":false},"excerpt":{"rendered":"<p>D\u00dcNYANIN EN \u00d6ZEL ELYAFLARINI\u0130\u015eL\u0130YORUZ Ara\u015ft\u0131ma geli\u015ftirme ekibimiz her sezon, y\u00fcksek kaliteli iplikler geli\u015ftiren ve pazar taleplerine \u00f6nc\u00fcl\u00fck eden moda trendini analiz etmektedirler.\u00dcr\u00fcnlerimizin tamam\u0131 \u00e7evre dostu olup, ihracat ve yurti\u00e7i sat\u0131\u015flara uygundur, renk se\u00e7imi veya kalite gereksinimlerinden ba\u011f\u0131ms\u0131z olarak ihtiya\u00e7lar\u0131n\u0131z\u0131 kar\u015f\u0131layabilir.Y\u00fcn ve fantazi ipliklerin geli\u015ftirilmesinde do\u011frudan teknolojiye ve yetene\u011fe sahip oldu\u011fumuzdan, size benzersiz \u00f6zelle\u015ftirilmi\u015f kuma\u015flar sunabiliriz. [&hellip;]<\/p>\n","protected":false},"author":1,"featured_media":0,"parent":0,"menu_order":0,"comment_status":"closed","ping_status":"closed","template":"","meta":[],"_links":{"self":[{"href":"http:\/\/biraykumas.com.tr\/tr\/wp-json\/wp\/v2\/pages\/542"}],"collection":[{"href":"http:\/\/biraykumas.com.tr\/tr\/wp-json\/wp\/v2\/pages"}],"about":[{"href":"http:\/\/biraykumas.com.tr\/tr\/wp-json\/wp\/v2\/types\/page"}],"author":[{"embeddable":true,"href":"http:\/\/biraykumas.com.tr\/tr\/wp-json\/wp\/v2\/users\/1"}],"replies":[{"embeddable":true,"href":"http:\/\/biraykumas.com.tr\/tr\/wp-json\/wp\/v2\/comments?post=542"}],"version-history":[{"count":27,"href":"http:\/\/biraykumas.com.tr\/tr\/wp-json\/wp\/v2\/pages\/542\/revisions"}],"predecessor-version":[{"id":1586,"href":"http:\/\/biraykumas.com.tr\/tr\/wp-json\/wp\/v2\/pages\/542\/revisions\/1586"}],"wp:attachment":[{"href":"http:\/\/biraykumas.com.tr\/tr\/wp-json\/wp\/v2\/media?parent=542"}],"curies":[{"name":"wp","href":"https:\/\/api.w.org\/{rel}","templated":true}]}}