{"id":536,"date":"2022-01-15T10:55:08","date_gmt":"2022-01-15T10:55:08","guid":{"rendered":"http:\/\/biraykumas.com.tr\/apre\/"},"modified":"2022-01-17T15:12:04","modified_gmt":"2022-01-17T15:12:04","slug":"apre","status":"publish","type":"page","link":"http:\/\/biraykumas.com.tr\/tr\/apre\/","title":{"rendered":"Apre"},"content":{"rendered":"\n<div class=\"wp-block-cover\" style=\"min-height:450px\"><img loading=\"lazy\" width=\"1982\" height=\"965\" class=\"wp-block-cover__image-background wp-image-387\" alt=\"\" src=\"http:\/\/biraykumas.com.tr\/wp-content\/uploads\/2022\/01\/part1-1.jpg\" data-object-fit=\"cover\" srcset=\"http:\/\/biraykumas.com.tr\/wp-content\/uploads\/2022\/01\/part1-1.jpg 1982w, http:\/\/biraykumas.com.tr\/wp-content\/uploads\/2022\/01\/part1-1-300x146.jpg 300w, http:\/\/biraykumas.com.tr\/wp-content\/uploads\/2022\/01\/part1-1-1024x499.jpg 1024w, http:\/\/biraykumas.com.tr\/wp-content\/uploads\/2022\/01\/part1-1-768x374.jpg 768w, http:\/\/biraykumas.com.tr\/wp-content\/uploads\/2022\/01\/part1-1-1536x748.jpg 1536w, http:\/\/biraykumas.com.tr\/wp-content\/uploads\/2022\/01\/part1-1-1200x584.jpg 1200w, http:\/\/biraykumas.com.tr\/wp-content\/uploads\/2022\/01\/part1-1-1980x964.jpg 1980w\" sizes=\"(max-width: 1982px) 100vw, 1982px\" \/><div class=\"wp-block-cover__inner-container\">\n<p class=\"has-text-align-left pl-40 text-black font-bold text-4xl md:text-5xl lg:text-6xl xl:text-7xl mb-24 lg:mt-20 w-full leading-10 md:leading-tight has-primary-color has-text-color has-large-font-size\">Koruyucu<br>apreler<\/p>\n<\/div><\/div>\n\n\n\n<div class=\"wp-block-group container mx-auto py-10 lg:py-10 px-14 lg:px-36 js-show-on-scroll\"><div class=\"wp-block-group__inner-container\">\n<h2>TEMEL \u00c7\u00d6Z\u00dcMLER<\/h2>\n\n\n\n<div class=\"wp-block-columns items-center\">\n<div class=\"wp-block-column w-6\/12 lg:w-3\/12 p-2 py-8 finishings-basis\">\n<figure class=\"wp-block-image size-full\"><img loading=\"lazy\" width=\"250\" height=\"109\" src=\"http:\/\/biraykumas.com.tr\/wp-content\/uploads\/2022\/01\/1_soft_touch.png\" alt=\"\" class=\"wp-image-391\"\/><\/figure>\n<\/div>\n\n\n\n<div class=\"wp-block-column w-6\/12 lg:w-3\/12 p-2 py-8 finishings-basis\">\n<figure class=\"wp-block-image size-full\"><img loading=\"lazy\" width=\"249\" height=\"65\" src=\"http:\/\/biraykumas.com.tr\/wp-content\/uploads\/2022\/01\/2_peach-effect.png\" alt=\"\" class=\"wp-image-393\"\/><\/figure>\n<\/div>\n\n\n\n<div class=\"wp-block-column w-6\/12 lg:w-3\/12 p-2 py-8 finishings-basis\">\n<figure class=\"wp-block-image size-full\"><img loading=\"lazy\" width=\"250\" height=\"179\" src=\"http:\/\/biraykumas.com.tr\/wp-content\/uploads\/2022\/01\/3_velvet-touch.png\" alt=\"\" class=\"wp-image-395\"\/><\/figure>\n<\/div>\n\n\n\n<div class=\"wp-block-column w-6\/12 lg:w-3\/12 p-2 py-8 finishings-basis\">\n<figure class=\"wp-block-image size-full\"><img loading=\"lazy\" width=\"249\" height=\"82\" src=\"http:\/\/biraykumas.com.tr\/wp-content\/uploads\/2022\/01\/4_zero-pile.png\" alt=\"\" class=\"wp-image-397\"\/><\/figure>\n<\/div>\n<\/div>\n\n\n\n<div class=\"wp-block-columns items-center\">\n<div class=\"wp-block-column w-6\/12 lg:w-3\/12 p-2 py-8 finishings-basis\">\n<figure class=\"wp-block-image size-full\"><img loading=\"lazy\" width=\"250\" height=\"98\" src=\"http:\/\/biraykumas.com.tr\/wp-content\/uploads\/2022\/01\/5_superflex.png\" alt=\"\" class=\"wp-image-399\"\/><\/figure>\n<\/div>\n\n\n\n<div class=\"wp-block-column w-6\/12 lg:w-3\/12 p-2 py-8 finishings-basis\">\n<figure class=\"wp-block-image size-full\"><img loading=\"lazy\" width=\"250\" height=\"117\" src=\"http:\/\/biraykumas.com.tr\/wp-content\/uploads\/2022\/01\/6_colour-protect.png\" alt=\"\" class=\"wp-image-401\"\/><\/figure>\n<\/div>\n\n\n\n<div class=\"wp-block-column w-6\/12 lg:w-3\/12 p-2 py-8 finishings-basis\">\n<figure class=\"wp-block-image size-full\"><img loading=\"lazy\" width=\"250\" height=\"246\" src=\"http:\/\/biraykumas.com.tr\/wp-content\/uploads\/2022\/01\/7_UV-protect.png\" alt=\"\" class=\"wp-image-403\"\/><\/figure>\n<\/div>\n\n\n\n<div class=\"wp-block-column w-6\/12 lg:w-3\/12 p-2 py-8 finishings-basis\">\n<figure class=\"wp-block-image size-full\"><img loading=\"lazy\" width=\"250\" height=\"111\" src=\"http:\/\/biraykumas.com.tr\/wp-content\/uploads\/2022\/01\/8_antistatic-1.png\" alt=\"\" class=\"wp-image-405\"\/><\/figure>\n<\/div>\n<\/div>\n\n\n\n<h2>PERFORMANS APRELER\u0130<\/h2>\n\n\n\n<div class=\"wp-block-columns items-center\">\n<div class=\"wp-block-column w-6\/12 lg:w-3\/12 p-2 py-8 finishings-basis\">\n<figure class=\"wp-block-image size-full\"><img loading=\"lazy\" width=\"250\" height=\"295\" src=\"http:\/\/biraykumas.com.tr\/wp-content\/uploads\/2022\/01\/biome.png\" alt=\"\" class=\"wp-image-407\"\/><\/figure>\n<\/div>\n\n\n\n<div class=\"wp-block-column w-6\/12 lg:w-3\/12 p-2 py-8 finishings-basis\">\n<figure class=\"wp-block-image size-full\"><img loading=\"lazy\" width=\"250\" height=\"109\" src=\"http:\/\/biraykumas.com.tr\/wp-content\/uploads\/2022\/01\/h2o.png\" alt=\"\" class=\"wp-image-409\"\/><\/figure>\n<\/div>\n\n\n\n<div class=\"wp-block-column w-6\/12 lg:w-3\/12 p-2 py-8 finishings-basis\">\n<figure class=\"wp-block-image size-full\"><img loading=\"lazy\" width=\"250\" height=\"125\" src=\"http:\/\/biraykumas.com.tr\/wp-content\/uploads\/2022\/01\/moov_cool.png\" alt=\"\" class=\"wp-image-411\"\/><\/figure>\n<\/div>\n\n\n\n<div class=\"wp-block-column w-6\/12 lg:w-3\/12 p-2 py-8 finishings-basis\">\n<figure class=\"wp-block-image size-full\"><img loading=\"lazy\" width=\"250\" height=\"139\" src=\"http:\/\/biraykumas.com.tr\/wp-content\/uploads\/2022\/01\/passerelle.png\" alt=\"\" class=\"wp-image-413\"\/><\/figure>\n<\/div>\n<\/div>\n\n\n\n<h2>SA\u011eLIK ALANINDA \u00c7\u00d6Z\u00dcMLER<\/h2>\n\n\n\n<div class=\"wp-block-columns items-center\">\n<div class=\"wp-block-column w-6\/12 lg:w-3\/12 p-2 py-8 finishings-basis\">\n<figure class=\"wp-block-image size-full\"><img loading=\"lazy\" width=\"250\" height=\"132\" src=\"http:\/\/biraykumas.com.tr\/wp-content\/uploads\/2022\/01\/SkinPlus.png\" alt=\"\" class=\"wp-image-415\"\/><\/figure>\n<\/div>\n\n\n\n<div class=\"wp-block-column w-6\/12 lg:w-3\/12 p-2 py-8 finishings-basis\">\n<figure class=\"wp-block-image size-full\"><img loading=\"lazy\" width=\"250\" height=\"125\" src=\"http:\/\/biraykumas.com.tr\/wp-content\/uploads\/2022\/01\/Rvital.png\" alt=\"\" class=\"wp-image-417\"\/><\/figure>\n<\/div>\n\n\n\n<div class=\"wp-block-column\"><\/div>\n\n\n\n<div class=\"wp-block-column\"><\/div>\n<\/div>\n<\/div><\/div>\n\n\n\n<div class=\"wp-block-cover w-full flex items-center jestify-center text-white font-bold p-8 h-56 lg:h-56 lg:px-28\"><img loading=\"lazy\" width=\"1438\" height=\"316\" class=\"wp-block-cover__image-background wp-image-419\" alt=\"\" src=\"http:\/\/biraykumas.com.tr\/wp-content\/uploads\/2022\/01\/part3.jpg\" data-object-fit=\"cover\" srcset=\"http:\/\/biraykumas.com.tr\/wp-content\/uploads\/2022\/01\/part3.jpg 1438w, http:\/\/biraykumas.com.tr\/wp-content\/uploads\/2022\/01\/part3-300x66.jpg 300w, http:\/\/biraykumas.com.tr\/wp-content\/uploads\/2022\/01\/part3-1024x225.jpg 1024w, http:\/\/biraykumas.com.tr\/wp-content\/uploads\/2022\/01\/part3-768x169.jpg 768w, http:\/\/biraykumas.com.tr\/wp-content\/uploads\/2022\/01\/part3-1200x264.jpg 1200w\" sizes=\"(max-width: 1438px) 100vw, 1438px\" \/><div class=\"wp-block-cover__inner-container\">\n<p class=\"has-text-align-center container mx-auto text-center text-3xl lg:text-5xl leading-tight lg:leading-none m-2 py-12 has-large-font-size\">Tekstil \u00fcr\u00fcnlerinde koruyucu apre uygulamalar\u0131n\u0131n sa\u011flad\u0131\u011f\u0131 faydalar nelerdir?<\/p>\n<\/div><\/div>\n\n\n\n<div class=\"wp-block-group container mx-auto w-full py-4 px-8 lg:px-36 lg:text-lg\"><div class=\"wp-block-group__inner-container\">\n<p>Her ne kadar tekstil \u00fcr\u00fcnleri vir\u00fcslerin yay\u0131l\u0131m\u0131nda b\u00fcy\u00fck rol oynamasalar da, kuma\u015flar \u00fczerine uygulanacak antibakteriyel aplikasyonalar\u0131n olduk\u00e7a faydas\u0131 bulunmaktad\u0131r.<br><br><\/p>\n\n\n\n<p><a href=\"http:\/\/biraykumas.com.tr\/tr\/sertifikalar\/\" data-type=\"page\" data-id=\"550\">Sertifikalar\u0131m\u0131z &gt;<\/a><br><br><\/p>\n\n\n\n<h3 class=\"text-xl font-bold lg:mb-0\">HIZLI VE ETK\u0130N ANT\u0130BAKTER\u0130YEL PERFORMANS<\/h3>\n\n\n\n<p>Uluslararas\u0131 test metodlar\u0131 ile yap\u0131lan \u00e7al\u0131\u015fmalar\u0131n sonu\u00e7lar\u0131na g\u00f6re, Biome ile i\u015flem g\u00f6ren tekstil materyalleri 2 saat i\u00e7erisinde vir\u00fcslerin 99%&#8217;sini yok etmektedir. Siz ve nihai t\u00fcketicileriniz art\u0131k huzurla Biome uygulanan tekstil \u00fcr\u00fcnlerini kullanabilirisiniz. <br><br><\/p>\n\n\n\n<h3 class=\"text-xl font-bold lg:mb-0\">BAKTER\u0130YEL ENFEKS\u0130YON OLU\u015eUMUNU \u00d6NLEME<\/h3>\n\n\n\n<p>Biome mikro organizma olu\u015fumlar\u0131n\u0131 yok etmektedir. Bir \u00e7ok global marka Biome&#8217;nin bu etkinli\u011fini test etmi\u015f ve \u00fcr\u00fcnlerinde kullan\u0131lmas\u0131n\u0131 onaylam\u0131\u015ft\u0131r.<br><br><\/p>\n\n\n\n<h3 class=\"text-xl font-bold lg:mb-0\">N\u0130HA\u0130 T\u00dcKET\u0130C\u0130N\u0130N VE END\u00dcSTR\u0130 \u00c7ALI\u015eANLARININ RAHATLAMASI<\/h3>\n\n\n\n<p>Global pandemi sonras\u0131nda, hi\u00e7 birimiz evde kalmak zorunda kald\u0131\u011f\u0131m\u0131z g\u00fcnleri hat\u0131rlamak istemiyoruz. Biome kullan\u0131lm\u0131\u015f tekstil \u00fcr\u00fcnleri kullanarak, daha rahat edebilir ve post pandemi s\u00fcrecine daha h\u0131zl\u0131 uyum sa\u011flayabiliriz.<br><br><\/p>\n\n\n\n<h3 class=\"text-xl font-bold lg:mb-0\">EVSEL YIKAMALARIN D\u00dc\u015e\u00dcK SICAKLIKTA YAPILMASINA OLANAK SA\u011eLAR<\/h3>\n\n\n\n<p>Pandemi s\u00fcrecinde hepimiz sabun ve deterjanlar\u0131n Sars-Cov-2 vir\u00fcs\u00fcn\u00fcn lipid tabakas\u0131n\u0131 yok etti\u011fini \u00f6\u011frendik. Bu sebeple tekstil \u00fcr\u00fcnlerinin evsel y\u0131kama ihtiyac\u0131 artt\u0131. <\/p>\n\n\n\n<p class=\"flex flex-row lg:mt-4\"><img loading=\"lazy\" width=\"904\" height=\"896\" class=\"wp-image-421 w-4\/12 object-contain p-2 lg:w-28 lg:pt-0\" style=\"width: 110px;\" src=\"http:\/\/biraykumas.com.tr\/wp-content\/uploads\/2022\/01\/icon.png\" alt=\"\" srcset=\"http:\/\/biraykumas.com.tr\/wp-content\/uploads\/2022\/01\/icon.png 904w, http:\/\/biraykumas.com.tr\/wp-content\/uploads\/2022\/01\/icon-300x297.png 300w, http:\/\/biraykumas.com.tr\/wp-content\/uploads\/2022\/01\/icon-150x150.png 150w, http:\/\/biraykumas.com.tr\/wp-content\/uploads\/2022\/01\/icon-768x761.png 768w\" sizes=\"(max-width: 904px) 100vw, 904px\" \/>Biome uygulanm\u0131\u015f kuma\u015flar kullanarak evsel y\u0131kama s\u0131cakl\u0131klar\u0131 d\u00fc\u015f\u00fck tutularak hem enerji sarfiyat\u0131n\u0131n, hem de giysilerin y\u0131pranmas\u0131n\u0131n \u00f6n\u00fcne ge\u00e7ilmektedir.<br><br><\/p>\n\n\n\n<h3 class=\"text-xl font-bold lg:mb-0 mt-8\">DO\u011eAYA SAYGILI OLMAYA DEVAM EDEL\u0130M<\/h3>\n\n\n\n<p>Biray Kuma\u015f&#8217;\u0131n tercih etmi\u015f oldu\u011fu Biome \u00fcr\u00fcnleri g\u00fcm\u00fc\u015f ve di\u011fer metal iyonlar\u0131 i\u00e7ermez. Bu sayede, Biray Kuma\u015f olarak, \u00e7evreye ve insan sa\u011fl\u0131\u011f\u0131na duyarl\u0131 \u00fcretim anlay\u0131\u015f\u0131m\u0131za uygun hareket etme \u015fans\u0131 bulmaktay\u0131z.<\/p>\n\n\n\n<p class=\"flex flex-row lg:mt-4\"><img loading=\"lazy\" width=\"904\" height=\"896\" class=\"wp-image-421 w-4\/12 object-contain p-2 lg:w-28 lg:pt-0\" style=\"width: 110px;\" src=\"http:\/\/biraykumas.com.tr\/wp-content\/uploads\/2022\/01\/icon.png\" alt=\"\" srcset=\"http:\/\/biraykumas.com.tr\/wp-content\/uploads\/2022\/01\/icon.png 904w, http:\/\/biraykumas.com.tr\/wp-content\/uploads\/2022\/01\/icon-300x297.png 300w, http:\/\/biraykumas.com.tr\/wp-content\/uploads\/2022\/01\/icon-150x150.png 150w, http:\/\/biraykumas.com.tr\/wp-content\/uploads\/2022\/01\/icon-768x761.png 768w\" sizes=\"(max-width: 904px) 100vw, 904px\" \/>Biome teknolojisi Oekotex Class 1 sertifikal\u0131 ve hem T\u00fcrkiye&#8217;de hem AB \u00dclkelerinde EPA \/ BPR onayl\u0131d\u0131r.<\/p>\n\n\n\n<p>Biome teknolojisi Oekotex Class 1 sertifikal\u0131 ve hem T\u00fcrkiye&#8217;de hem AB \u00dclkelerinde EPA \/ BPR onayl\u0131d\u0131r.<\/p>\n<\/div><\/div>\n\n\n\n<div class=\"wp-block-group w-full py-4 px-14 lg:px-36 lg:mt-12\"><div class=\"wp-block-group__inner-container\">\n<h2>SUNDU\u011eUMUZ \u00c7\u00d6Z\u00dcMLER<\/h2>\n\n\n\n<div class=\"wp-block-columns\">\n<div class=\"wp-block-column\">\n<div class=\"wp-block-columns flex-row lg:flex-col flex-nowrap items-center\">\n<div class=\"wp-block-column p-2\">\n<div class=\"wp-block-image\"><figure class=\"aligncenter size-full\"><img loading=\"lazy\" width=\"239\" height=\"195\" src=\"http:\/\/biraykumas.com.tr\/wp-content\/uploads\/2022\/01\/part4_1.png\" alt=\"\" class=\"wp-image-423\"\/><\/figure><\/div>\n<\/div>\n\n\n\n<div class=\"wp-block-column p-2 lg:p-0\">\n<p><strong>PERFORPERFORMANS<\/strong><br>Biray Kuma\u015f olarak m\u00fc\u015fterilerimizden gelen kuma\u015f performans taleplerine uygun fiziksel ve kimyasal \u00e7\u00f6z\u00fcmler \u00fcretiyoruz.<\/p>\n<\/div>\n<\/div>\n<\/div>\n\n\n\n<div class=\"wp-block-column\">\n<div class=\"wp-block-columns flex-row-reverse lg:flex-col flex-nowrap items-center\">\n<div class=\"wp-block-column\">\n<div class=\"wp-block-image\"><figure class=\"aligncenter size-full\"><img loading=\"lazy\" width=\"239\" height=\"195\" src=\"http:\/\/biraykumas.com.tr\/wp-content\/uploads\/2022\/01\/part4_2.png\" alt=\"\" class=\"wp-image-425\"\/><\/figure><\/div>\n<\/div>\n\n\n\n<div class=\"wp-block-column p-2\">\n<p><strong>TERMO<br>REG\u00dcLASYON<\/strong><\/p>\n\n\n\n<p><br>Is\u0131 kontroll\u00fc tekstil materyalleri \u00fcreterek, Biray Kuma\u015f olarak g\u00fcnl\u00fck hayat\u0131n\u0131za konfor katmay\u0131 hedefliyoruz.<\/p>\n<\/div>\n<\/div>\n<\/div>\n\n\n\n<div class=\"wp-block-column\">\n<div class=\"wp-block-columns flex-row lg:flex-col flex-nowrap items-center\">\n<div class=\"wp-block-column p-2\">\n<div class=\"wp-block-image\"><figure class=\"aligncenter size-full\"><img loading=\"lazy\" width=\"239\" height=\"195\" src=\"http:\/\/biraykumas.com.tr\/wp-content\/uploads\/2022\/01\/part4_3.png\" alt=\"\" class=\"wp-image-427\"\/><\/figure><\/div>\n<\/div>\n\n\n\n<div class=\"wp-block-column p-2\">\n<p><strong>YANGINA KAR\u015eI KORUMA<\/strong><br>Yang\u0131n geciktirici kuma\u015flar\u0131m\u0131z ile ekstra koruma sa\u011flamaktay\u0131z.<\/p>\n<\/div>\n<\/div>\n<\/div>\n\n\n\n<div class=\"wp-block-column\">\n<div class=\"wp-block-columns flex-row-reverse lg:flex-col flex-nowrap items-center\">\n<div class=\"wp-block-column p-2\">\n<div class=\"wp-block-image\"><figure class=\"aligncenter size-full\"><img loading=\"lazy\" width=\"239\" height=\"195\" src=\"http:\/\/biraykumas.com.tr\/wp-content\/uploads\/2022\/01\/part4_4.png\" alt=\"\" class=\"wp-image-429\"\/><\/figure><\/div>\n<\/div>\n\n\n\n<div class=\"wp-block-column p-2\">\n<p><strong>SA\u011eLIK<\/strong><\/p>\n\n\n\n<p>Biray Kuma\u015f \u00fcretimi tekstil \u00fcr\u00fcnleri ile sa\u011fl\u0131\u011f\u0131n\u0131za \u00f6nem veriyor, hayat kalitenizi art\u0131rman\u0131za destek oluyoruz.<\/p>\n<\/div>\n<\/div>\n<\/div>\n<\/div>\n<\/div><\/div>\n\n\n\n<div class=\"wp-block-cover\" style=\"min-height:200px\"><img loading=\"lazy\" width=\"1438\" height=\"316\" class=\"wp-block-cover__image-background wp-image-431\" alt=\"\" src=\"http:\/\/biraykumas.com.tr\/wp-content\/uploads\/2022\/01\/part4.jpg\" data-object-fit=\"cover\" srcset=\"http:\/\/biraykumas.com.tr\/wp-content\/uploads\/2022\/01\/part4.jpg 1438w, http:\/\/biraykumas.com.tr\/wp-content\/uploads\/2022\/01\/part4-300x66.jpg 300w, http:\/\/biraykumas.com.tr\/wp-content\/uploads\/2022\/01\/part4-1024x225.jpg 1024w, http:\/\/biraykumas.com.tr\/wp-content\/uploads\/2022\/01\/part4-768x169.jpg 768w, http:\/\/biraykumas.com.tr\/wp-content\/uploads\/2022\/01\/part4-1200x264.jpg 1200w\" sizes=\"(max-width: 1438px) 100vw, 1438px\" \/><div class=\"wp-block-cover__inner-container\">\n<p class=\"has-text-align-center has-large-font-size\"><\/p>\n<\/div><\/div>\n\n\n\n<div class=\"wp-block-group container mx-auto flex flex-col justify-center items-center py-10 px-10 lg:px-40 text-center lg:mb-12\"><div class=\"wp-block-group__inner-container\">\n<h3 class=\"font-bold mb-0 text-2xl lg:text-4xl leading-tight uppercase\">\u00d6RME KUMA\u015e \u00dcRET\u0130M\u0130NDE SPES\u0130F\u0130K<br>\u00c7\u00d6Z\u00dcMLER M\u0130 ARIYORSUNUZ?<\/h3>\n\n\n\n<p class=\"text-sm text-gray mt-2 mb-4 lg:text-2xl\">Bizimle ileti\u015fim kurun.<\/p>\n\n\n\n<p class=\"mainbutton\"><br><a href=\"http:\/\/biraykumas.com.tr\/tr\/iletisim\/\" data-type=\"page\" data-id=\"546\">\u0130LETI\u015eIM<\/a><\/p>\n<\/div><\/div>\n\n\n\n<p><\/p>\n","protected":false},"excerpt":{"rendered":"<p>TEMEL \u00c7\u00d6Z\u00dcMLER PERFORMANS APRELER\u0130 SA\u011eLIK ALANINDA \u00c7\u00d6Z\u00dcMLER Her ne kadar tekstil \u00fcr\u00fcnleri vir\u00fcslerin yay\u0131l\u0131m\u0131nda b\u00fcy\u00fck rol oynamasalar da, kuma\u015flar \u00fczerine uygulanacak antibakteriyel aplikasyonalar\u0131n olduk\u00e7a faydas\u0131 bulunmaktad\u0131r. Sertifikalar\u0131m\u0131z &gt; HIZLI VE ETK\u0130N ANT\u0130BAKTER\u0130YEL PERFORMANS Uluslararas\u0131 test metodlar\u0131 ile yap\u0131lan \u00e7al\u0131\u015fmalar\u0131n sonu\u00e7lar\u0131na g\u00f6re, Biome ile i\u015flem g\u00f6ren tekstil materyalleri 2 saat i\u00e7erisinde vir\u00fcslerin 99%&#8217;sini yok etmektedir. Siz [&hellip;]<\/p>\n","protected":false},"author":1,"featured_media":0,"parent":0,"menu_order":0,"comment_status":"closed","ping_status":"closed","template":"","meta":[],"_links":{"self":[{"href":"http:\/\/biraykumas.com.tr\/tr\/wp-json\/wp\/v2\/pages\/536"}],"collection":[{"href":"http:\/\/biraykumas.com.tr\/tr\/wp-json\/wp\/v2\/pages"}],"about":[{"href":"http:\/\/biraykumas.com.tr\/tr\/wp-json\/wp\/v2\/types\/page"}],"author":[{"embeddable":true,"href":"http:\/\/biraykumas.com.tr\/tr\/wp-json\/wp\/v2\/users\/1"}],"replies":[{"embeddable":true,"href":"http:\/\/biraykumas.com.tr\/tr\/wp-json\/wp\/v2\/comments?post=536"}],"version-history":[{"count":29,"href":"http:\/\/biraykumas.com.tr\/tr\/wp-json\/wp\/v2\/pages\/536\/revisions"}],"predecessor-version":[{"id":1565,"href":"http:\/\/biraykumas.com.tr\/tr\/wp-json\/wp\/v2\/pages\/536\/revisions\/1565"}],"wp:attachment":[{"href":"http:\/\/biraykumas.com.tr\/tr\/wp-json\/wp\/v2\/media?parent=536"}],"curies":[{"name":"wp","href":"https:\/\/api.w.org\/{rel}","templated":true}]}}