{"id":504,"date":"2022-01-15T08:24:47","date_gmt":"2022-01-15T08:24:47","guid":{"rendered":"http:\/\/biraykumas.com.tr\/home-page\/"},"modified":"2022-01-17T14:04:24","modified_gmt":"2022-01-17T14:04:24","slug":"home-page","status":"publish","type":"page","link":"http:\/\/biraykumas.com.tr\/tr\/","title":{"rendered":"Home Page"},"content":{"rendered":"\n<div class=\"wp-block-cover has-custom-content-position is-position-center-right headerTitleIndex hidden lg:flex w-full bg-cover bg-center h-48 mb-4 px-10\" style=\"background-color:#6f6f6f;min-height:500px\"><img loading=\"lazy\" width=\"1981\" height=\"965\" class=\"wp-block-cover__image-background wp-image-375\" alt=\"\" src=\"http:\/\/biraykumas.com.tr\/wp-content\/uploads\/2022\/01\/main_cover_first.jpg\" data-object-fit=\"cover\" srcset=\"http:\/\/biraykumas.com.tr\/wp-content\/uploads\/2022\/01\/main_cover_first.jpg 1981w, http:\/\/biraykumas.com.tr\/wp-content\/uploads\/2022\/01\/main_cover_first-300x146.jpg 300w, http:\/\/biraykumas.com.tr\/wp-content\/uploads\/2022\/01\/main_cover_first-1024x499.jpg 1024w, http:\/\/biraykumas.com.tr\/wp-content\/uploads\/2022\/01\/main_cover_first-768x374.jpg 768w, http:\/\/biraykumas.com.tr\/wp-content\/uploads\/2022\/01\/main_cover_first-1536x748.jpg 1536w, http:\/\/biraykumas.com.tr\/wp-content\/uploads\/2022\/01\/main_cover_first-1200x585.jpg 1200w\" sizes=\"(max-width: 1981px) 100vw, 1981px\" \/><div class=\"wp-block-cover__inner-container\">\n<p class=\"has-text-align-left mr-20 text-black font-bold text-5xl has-large-font-size\"><span class=\"has-inline-color has-primary-color\">\u00d6rme kuma\u015f<\/span><br><span class=\"has-inline-color has-primary-color\">tasar\u0131m ve<\/span><br><span class=\"has-inline-color has-primary-color\">\u00fcretimi<\/span><\/p>\n\n\n\n<p class=\"mainbutton mt-4\"><a href=\"http:\/\/biraykumas.com.tr\/tr\/hakkimizda\/\" data-type=\"page\" data-id=\"554\">Hakk\u0131m\u0131zda<\/a><\/p>\n<\/div><\/div>\n\n\n\n<div class=\"wp-block-cover headerTitleIndex lg:hidden w-full bg-cover\"><img loading=\"lazy\" width=\"1242\" height=\"1087\" class=\"wp-block-cover__image-background wp-image-921\" alt=\"\" src=\"http:\/\/biraykumas.com.tr\/wp-content\/uploads\/2022\/01\/main_cover_first_mobile.jpg\" style=\"object-position:48% 0%\" data-object-fit=\"cover\" data-object-position=\"48% 0%\" srcset=\"http:\/\/biraykumas.com.tr\/wp-content\/uploads\/2022\/01\/main_cover_first_mobile.jpg 1242w, http:\/\/biraykumas.com.tr\/wp-content\/uploads\/2022\/01\/main_cover_first_mobile-300x263.jpg 300w, http:\/\/biraykumas.com.tr\/wp-content\/uploads\/2022\/01\/main_cover_first_mobile-1024x896.jpg 1024w, http:\/\/biraykumas.com.tr\/wp-content\/uploads\/2022\/01\/main_cover_first_mobile-768x672.jpg 768w, http:\/\/biraykumas.com.tr\/wp-content\/uploads\/2022\/01\/main_cover_first_mobile-1200x1050.jpg 1200w\" sizes=\"(max-width: 1242px) 100vw, 1242px\" \/><div class=\"wp-block-cover__inner-container\">\n<div class=\"wp-block-group flex w-full text-center flex-col justify-end items-center mt-72\"><div class=\"wp-block-group__inner-container\">\n<p class=\"has-text-align-center text-black font-bold text-3xl text-center has-primary-color has-text-color has-large-font-size\">\u00d6rme kuma\u015f tasar\u0131m ve \u00fcretimi<\/p>\n\n\n\n<p class=\"mainbutton mt-4\"><a href=\"http:\/\/biraykumas.com.tr\/tr\/\" data-type=\"page\" data-id=\"504\">HAKKIMIZDA<\/a><\/p>\n<\/div><\/div>\n<\/div><\/div>\n\n\n\n<div class=\"wp-block-group container mx-auto py-24 lg:py-20 px-10 lg:px-36 js-show-on-scroll\"><div class=\"wp-block-group__inner-container\">\n<h2>B\u0130RAY<\/h2>\n\n\n\n<h3 class=\"lg:text-3xl lg:mb-2 font-bold lg:pr-4\">Yenilik\u00e7i \u00f6rme kuma\u015f dizayn ve \u00fcretimi<\/h3>\n\n\n\n<div class=\"wp-block-columns flex-nowrap\">\n<div class=\"wp-block-column\">\n<p class=\"mb-4 lg:block text-2xl lg:pr-4\">Since 2010 defining the path of best knited fabrics together with our 2010 yl\u0131ndan bu zamana tasar\u0131mlar\u0131m\u0131zda elyaftan ba\u015flayan ser\u00fcvenin insan\u0131n konfor ve \u015f\u0131kl\u0131\u011f\u0131na hizmet etti\u011fini bilerek bu do\u011frultudaki \u00e7al\u0131\u015fmalar\u0131m\u0131zla \u00fcst limitleri zorluyoruz. \u0130klim ve mevsimlere g\u00f6re insan tenine en yumu\u015fak dokunu\u015fu sa\u011flayacak elyaflar\u0131 se\u00e7erek,insan\u0131n co\u011frafyalara g\u00f6re de\u011fi\u015fen renk ve desen beklentilerini yorumluyoruz. Bu i\u015flemlerin hi\u00e7bir a\u015famas\u0131nda do\u011fa\u2019ya olan minnetimizi unutmuyor ve \u00fcretmeye devam etmesinin ya\u015famsal \u00f6nceli\u011fimiz oldu\u011funu bilerek \u00e7al\u0131\u015f\u0131yoruz.<br><br><a href=\"https:\/\/biray.com.tr\/about\"><\/a><a href=\"http:\/\/biraykumas.com.tr\/tr\/hakkimizda\/\" data-type=\"page\" data-id=\"554\">Hakk\u0131m\u0131zda &gt;<\/a><\/p>\n<\/div>\n\n\n\n<div class=\"wp-block-column w-full lg:w-2\/5 flex flex-row justify-center items-start lg:items-center\">\n<figure class=\"wp-block-image is-resized\"><img loading=\"lazy\" src=\"http:\/\/biraykumas.com.tr\/wp-content\/uploads\/2022\/01\/part2-1024x1024.jpg\" alt=\"\" width=\"400\" height=\"400\"\/><\/figure>\n<\/div>\n<\/div>\n<\/div><\/div>\n\n\n\n<div class=\"wp-block-cover\"><img loading=\"lazy\" width=\"1440\" height=\"960\" class=\"wp-block-cover__image-background wp-image-353\" alt=\"\" src=\"http:\/\/biraykumas.com.tr\/wp-content\/uploads\/2022\/01\/part31-1.jpg\" data-object-fit=\"cover\" srcset=\"http:\/\/biraykumas.com.tr\/wp-content\/uploads\/2022\/01\/part31-1.jpg 1440w, http:\/\/biraykumas.com.tr\/wp-content\/uploads\/2022\/01\/part31-1-300x200.jpg 300w, http:\/\/biraykumas.com.tr\/wp-content\/uploads\/2022\/01\/part31-1-1024x683.jpg 1024w, http:\/\/biraykumas.com.tr\/wp-content\/uploads\/2022\/01\/part31-1-768x512.jpg 768w, http:\/\/biraykumas.com.tr\/wp-content\/uploads\/2022\/01\/part31-1-1200x800.jpg 1200w\" sizes=\"(max-width: 1440px) 100vw, 1440px\" \/><div class=\"wp-block-cover__inner-container\">\n<h3 class=\"has-text-align-center mt-8 mb-4 uppercase font-bold lg:font-bold lg:text-3xl\">S\u0130Z\u0130N HAYALLER\u0130N\u0130Z B\u0130Z\u0130M MOT\u0130VASYONUMUZ<\/h3>\n\n\n\n<p class=\"has-text-align-center mx-auto text-left lg:text-center mb-8 w-full lg:w-8\/12 text-sm lg:text-2xl mt-4\">Biray felsefesi odak noktas\u0131 m\u00fc\u015fteri olan profesyonllerimiz taraf\u0131ndan y\u00f6nlendirilir. Ko\u015fulsuz m\u00fc\u015fteri memnuniyeti ilkesinden taviz vermemek ad\u0131na; uzman kalite kontrol ekibi ile, hammadde giri\u015finden mamul \u00e7\u0131k\u0131\u015f\u0131na kadar olan b\u00fct\u00fcn \u00fcretim a\u015famalar\u0131nda t\u00fcm detaylar\u0131 g\u00f6zlemlemekte ,uluslararas\u0131 onayl\u0131 laboratuar ekipman\u0131 ile test ederek, \u00fcretilen kuma\u015f\u0131 insan sa\u011fl\u0131\u011f\u0131na ve kullan\u0131m\u0131na en uygun \u015fekilde m\u00fc\u015fterilerine teslim etmektedir.<\/p>\n\n\n\n<p class=\"has-text-align-center text-left lg:text-center mb-2 w-full lg:w-8\/12 text-sm lg:text-3xl\"><\/p>\n\n\n\n<p class=\"has-text-align-center mb-8 lg:text-3xl\"><a href=\"http:\/\/biraykumas.com.tr\/tr\/kumaslarimiz\/\" data-type=\"page\" data-id=\"542\">Kuma\u015f \u00e7e\u015fitlerimiz &gt;<\/a><\/p>\n\n\n\n<h3 class=\"has-text-align-center mx-auto w-full lg:w-8\/12 text-left lg:text-4xl lg:text-center font-bold lg:font-bold lg:text-3xl\">\u00dcrettik\u00e7e \u00e7o\u011fal\u0131yoruz!<\/h3>\n\n\n\n<p class=\"has-text-align-center mb-8 lg:text-2xl mt-8\"><a href=\"http:\/\/biraykumas.com.tr\/tr\/apre\/\" data-type=\"page\" data-id=\"536\">\u00d6zel apre \u00e7e\u015fitlerimiz &gt;<\/a><\/p>\n<\/div><\/div>\n\n\n\n<div class=\"wp-block-group container mx-auto md:px-12 py-1 mt-20 lg:py-2 lg:px-20 js-show-on-scroll\"><div class=\"wp-block-group__inner-container\"><div class=\"carousel-slider-outer carousel-slider-outer-image-carousel carousel-slider-outer-1473\">\n<div id=\"&#039;id-1473\" class=\"owl-carousel carousel-slider carousel-slider-1473 arrows-visibility-hover arrows-outside dots-visibility-never dots-center dots-circle\" style=\"--carousel-slider-nav-color:rgb(137,137,137);--carousel-slider-active-nav-color:rgb(43,0,0);--carousel-slider-arrow-size:52px;--carousel-slider-bullet-size:10px\" data-slide-type=\"image-carousel\" data-owl-settings='{\"nav\":true,\"dots\":false,\"slideBy\":1,\"stagePadding\":0,\"margin\":70,\"loop\":true,\"autoplay\":true,\"autoplayTimeout\":5000,\"autoplaySpeed\":500,\"autoplayHoverPause\":true,\"lazyLoad\":false,\"autoWidth\":false,\"responsive\":{\"300\":{\"items\":1},\"600\":{\"items\":2},\"768\":{\"items\":2},\"1024\":{\"items\":3},\"1200\":{\"items\":4},\"1921\":{\"items\":4}}}'>\n<div class=\"carousel-slider__item\"><img width=\"150\" height=\"150\" src=\"http:\/\/biraykumas.com.tr\/wp-content\/uploads\/2022\/01\/part-4_05_WORLDWIDE-EXPORT-1-150x150.jpg\" class=\"attachment-thumbnail size-thumbnail\" alt=\"\" loading=\"lazy\" srcset=\"http:\/\/biraykumas.com.tr\/wp-content\/uploads\/2022\/01\/part-4_05_WORLDWIDE-EXPORT-1-150x150.jpg 150w, http:\/\/biraykumas.com.tr\/wp-content\/uploads\/2022\/01\/part-4_05_WORLDWIDE-EXPORT-1-300x300.jpg 300w, http:\/\/biraykumas.com.tr\/wp-content\/uploads\/2022\/01\/part-4_05_WORLDWIDE-EXPORT-1-1024x1024.jpg 1024w, http:\/\/biraykumas.com.tr\/wp-content\/uploads\/2022\/01\/part-4_05_WORLDWIDE-EXPORT-1-768x768.jpg 768w, http:\/\/biraykumas.com.tr\/wp-content\/uploads\/2022\/01\/part-4_05_WORLDWIDE-EXPORT-1-1200x1200.jpg 1200w, http:\/\/biraykumas.com.tr\/wp-content\/uploads\/2022\/01\/part-4_05_WORLDWIDE-EXPORT-1.jpg 1250w\" sizes=\"(max-width: 150px) 100vw, 150px\" \/><div class=\"carousel-slider__caption\"><h4 class=\"title\">\u0130HRACAT<\/h4><p class=\"caption\">2010 y\u0131l\u0131ndan bu zamana t\u00fcm d\u00fcnya markalar\u0131 i\u00e7in ihracat yap\u0131yoruz.<\/p><\/div><\/div>\n<div class=\"carousel-slider__item\"><img width=\"150\" height=\"150\" src=\"http:\/\/biraykumas.com.tr\/wp-content\/uploads\/2022\/01\/part-4_04_capacity-1-150x150.jpg\" class=\"attachment-thumbnail size-thumbnail\" alt=\"\" loading=\"lazy\" srcset=\"http:\/\/biraykumas.com.tr\/wp-content\/uploads\/2022\/01\/part-4_04_capacity-1-150x150.jpg 150w, http:\/\/biraykumas.com.tr\/wp-content\/uploads\/2022\/01\/part-4_04_capacity-1-300x300.jpg 300w, http:\/\/biraykumas.com.tr\/wp-content\/uploads\/2022\/01\/part-4_04_capacity-1-1024x1024.jpg 1024w, http:\/\/biraykumas.com.tr\/wp-content\/uploads\/2022\/01\/part-4_04_capacity-1-768x768.jpg 768w, http:\/\/biraykumas.com.tr\/wp-content\/uploads\/2022\/01\/part-4_04_capacity-1-1200x1200.jpg 1200w, http:\/\/biraykumas.com.tr\/wp-content\/uploads\/2022\/01\/part-4_04_capacity-1.jpg 1250w\" sizes=\"(max-width: 150px) 100vw, 150px\" \/><div class=\"carousel-slider__caption\"><h4 class=\"title\">KAPAS\u0130TE<\/h4><p class=\"caption\">6500 m2 kapal\u0131 alanda ayl\u0131k 400 ton kapasite ile \u00fcretim yap\u0131yoruz.<\/p><\/div><\/div>\n<div class=\"carousel-slider__item\"><img width=\"150\" height=\"150\" src=\"http:\/\/biraykumas.com.tr\/wp-content\/uploads\/2022\/01\/part-4_03_customization-1-150x150.jpg\" class=\"attachment-thumbnail size-thumbnail\" alt=\"\" loading=\"lazy\" srcset=\"http:\/\/biraykumas.com.tr\/wp-content\/uploads\/2022\/01\/part-4_03_customization-1-150x150.jpg 150w, http:\/\/biraykumas.com.tr\/wp-content\/uploads\/2022\/01\/part-4_03_customization-1-300x300.jpg 300w, http:\/\/biraykumas.com.tr\/wp-content\/uploads\/2022\/01\/part-4_03_customization-1-1024x1024.jpg 1024w, http:\/\/biraykumas.com.tr\/wp-content\/uploads\/2022\/01\/part-4_03_customization-1-768x768.jpg 768w, http:\/\/biraykumas.com.tr\/wp-content\/uploads\/2022\/01\/part-4_03_customization-1-1200x1200.jpg 1200w, http:\/\/biraykumas.com.tr\/wp-content\/uploads\/2022\/01\/part-4_03_customization-1.jpg 1250w\" sizes=\"(max-width: 150px) 100vw, 150px\" \/><div class=\"carousel-slider__caption\"><h4 class=\"title\">M\u00dc\u015eTER\u0130 ODAKLI \u00dcRET\u0130M<\/h4><p class=\"caption\">Her t\u00fcrl\u00fc elyaf kompozisyon ve apre i\u00e7in bizden yard\u0131m alman\u0131z m\u00fcmk\u00fcnd\u00fcr.<\/p><\/div><\/div>\n<div class=\"carousel-slider__item\"><img width=\"150\" height=\"150\" src=\"http:\/\/biraykumas.com.tr\/wp-content\/uploads\/2022\/01\/part-4_02_innovation-1-150x150.jpg\" class=\"attachment-thumbnail size-thumbnail\" alt=\"\" loading=\"lazy\" srcset=\"http:\/\/biraykumas.com.tr\/wp-content\/uploads\/2022\/01\/part-4_02_innovation-1-150x150.jpg 150w, http:\/\/biraykumas.com.tr\/wp-content\/uploads\/2022\/01\/part-4_02_innovation-1-300x300.jpg 300w, http:\/\/biraykumas.com.tr\/wp-content\/uploads\/2022\/01\/part-4_02_innovation-1-1024x1024.jpg 1024w, http:\/\/biraykumas.com.tr\/wp-content\/uploads\/2022\/01\/part-4_02_innovation-1-768x768.jpg 768w, http:\/\/biraykumas.com.tr\/wp-content\/uploads\/2022\/01\/part-4_02_innovation-1-1200x1200.jpg 1200w, http:\/\/biraykumas.com.tr\/wp-content\/uploads\/2022\/01\/part-4_02_innovation-1.jpg 1250w\" sizes=\"(max-width: 150px) 100vw, 150px\" \/><div class=\"carousel-slider__caption\"><h4 class=\"title\">\u0130NOVASYON<\/h4><p class=\"caption\">B\u0130RAY yenilik kelimesinin e\u015f anlaml\u0131s\u0131d\u0131r geleneksel kuma\u015f konseptine meydan okuyoruz.<\/p><\/div><\/div>\n<div class=\"carousel-slider__item\"><img width=\"150\" height=\"150\" src=\"http:\/\/biraykumas.com.tr\/wp-content\/uploads\/2022\/01\/part-4_01_certifications-1-150x150.jpg\" class=\"attachment-thumbnail size-thumbnail\" alt=\"\" loading=\"lazy\" srcset=\"http:\/\/biraykumas.com.tr\/wp-content\/uploads\/2022\/01\/part-4_01_certifications-1-150x150.jpg 150w, http:\/\/biraykumas.com.tr\/wp-content\/uploads\/2022\/01\/part-4_01_certifications-1-300x300.jpg 300w, http:\/\/biraykumas.com.tr\/wp-content\/uploads\/2022\/01\/part-4_01_certifications-1-1024x1024.jpg 1024w, http:\/\/biraykumas.com.tr\/wp-content\/uploads\/2022\/01\/part-4_01_certifications-1-768x768.jpg 768w, http:\/\/biraykumas.com.tr\/wp-content\/uploads\/2022\/01\/part-4_01_certifications-1-1200x1200.jpg 1200w, http:\/\/biraykumas.com.tr\/wp-content\/uploads\/2022\/01\/part-4_01_certifications-1.jpg 1250w\" sizes=\"(max-width: 150px) 100vw, 150px\" \/><div class=\"carousel-slider__caption\"><h4 class=\"title\">SERT\u0130F\u0130KA<\/h4><p class=\"caption\">GOTS, GRS, BCI, OEKO-TEX, ICS<\/p><\/div><\/div>\n<\/div><!-- .carousel-slider-1473 -->\n<\/div><!-- .carousel-slider-outer-1473 -->\n\n<\/div><\/div>\n\n\n\n<div class=\"wp-block-group container mx-auto py-4 lg:py-20 px-10 lg:px-36 js-show-on-scroll\"><div class=\"wp-block-group__inner-container\">\n<div class=\"wp-block-group\"><div class=\"wp-block-group__inner-container\">\n<h2>M\u00fc\u015fterilerimiz<\/h2>\n\n\n\n<p><\/p>\n<\/div><\/div>\n\n\n\n<p>Yenilik\u00e7i ve gen\u00e7 ekibimiz ile birlikte her g\u00fcne daha heyecanl\u0131, daha istekli ba\u015fl\u0131yoruz<br>Her g\u00fcn bizim i\u00e7in yeni bir verimli \u00fcretim s\u00fcreci. \u00dcrettik\u00e7e geli\u015fiyor, geli\u015ftik\u00e7e daha da heyecanlan\u0131yoruz. Heyecanl\u0131 \u00e7al\u0131\u015ft\u0131\u011f\u0131m\u0131z her g\u00fcn\u00fcn kar\u015f\u0131l\u0131\u011f\u0131n\u0131 d\u00fcnyaca \u00fcnl\u00fc markalar i\u00e7in yapt\u0131\u011f\u0131m\u0131z kuma\u015f \u00fcretimi ile al\u0131yoruz<\/p>\n\n\n\n<p><br><a href=\"http:\/\/biraykumas.com.tr\/tr\/hakkimizda\/\" data-type=\"page\" data-id=\"554\">Hakk\u0131m\u0131zda &gt;<\/a><\/p>\n<\/div><\/div>\n\n\n\n<div class=\"wp-block-group hidden md:block container mx-auto mt-8 mb-10 md:px-20 js-show-on-scroll\"><div class=\"wp-block-group__inner-container\">\n<div class=\"wp-block-columns\">\n<div class=\"wp-block-column\">\n<figure class=\"wp-block-image size-full lg:w-32 lg:h-32 w-20 h-20 mx-4\"><img loading=\"lazy\" width=\"250\" height=\"142\" src=\"http:\/\/biraykumas.com.tr\/wp-content\/uploads\/2022\/01\/Lacoste-1.png\" alt=\"\" class=\"wp-image-950\"\/><\/figure>\n<\/div>\n\n\n\n<div class=\"wp-block-column\">\n<figure class=\"wp-block-image size-full is-resized lg:w-32 lg:h-32 w-20 h-20 mx-4\"><img loading=\"lazy\" src=\"http:\/\/biraykumas.com.tr\/wp-content\/uploads\/2022\/01\/GAP-1.png\" alt=\"\" class=\"wp-image-953\" width=\"129\" height=\"73\"\/><\/figure>\n<\/div>\n\n\n\n<div class=\"wp-block-column\">\n<figure class=\"wp-block-image size-full lg:w-32 lg:h-32 w-20 h-20 mx-4\"><img loading=\"lazy\" width=\"250\" height=\"142\" src=\"http:\/\/biraykumas.com.tr\/wp-content\/uploads\/2022\/01\/Hugo-Boss-1.png\" alt=\"\" class=\"wp-image-956\"\/><\/figure>\n<\/div>\n\n\n\n<div class=\"wp-block-column\">\n<figure class=\"wp-block-image size-full lg:w-32 lg:h-32 w-20 h-20 mx-4\"><img loading=\"lazy\" width=\"250\" height=\"142\" src=\"http:\/\/biraykumas.com.tr\/wp-content\/uploads\/2022\/01\/armani-1.png\" alt=\"\" class=\"wp-image-959\"\/><\/figure>\n<\/div>\n<\/div>\n\n\n\n<div class=\"wp-block-columns\">\n<div class=\"wp-block-column\">\n<figure class=\"wp-block-image size-full lg:w-32 lg:h-32 w-20 h-20 mx-4\"><img loading=\"lazy\" width=\"250\" height=\"142\" src=\"http:\/\/biraykumas.com.tr\/wp-content\/uploads\/2022\/01\/Tommy-Hilfiger-2.png\" alt=\"\" class=\"wp-image-965\"\/><\/figure>\n<\/div>\n\n\n\n<div class=\"wp-block-column\">\n<figure class=\"wp-block-image size-full lg:w-32 lg:h-32 w-20 h-20 mx-4\"><img loading=\"lazy\" width=\"250\" height=\"142\" src=\"http:\/\/biraykumas.com.tr\/wp-content\/uploads\/2022\/01\/GANT-1.png\" alt=\"\" class=\"wp-image-968\"\/><\/figure>\n<\/div>\n\n\n\n<div class=\"wp-block-column\">\n<figure class=\"wp-block-image size-full lg:w-32 lg:h-32 w-20 h-20 mx-4\"><img loading=\"lazy\" width=\"250\" height=\"142\" src=\"http:\/\/biraykumas.com.tr\/wp-content\/uploads\/2022\/01\/National-Geographic-1.png\" alt=\"\" class=\"wp-image-971\"\/><\/figure>\n<\/div>\n\n\n\n<div class=\"wp-block-column\">\n<figure class=\"wp-block-image size-full lg:w-32 lg:h-32 w-20 h-20 mx-4\"><img loading=\"lazy\" width=\"250\" height=\"142\" src=\"http:\/\/biraykumas.com.tr\/wp-content\/uploads\/2022\/01\/\u0411\u0435\u0437-\u043d\u0430\u0437\u0432\u0430\u043d\u0438\u044f-1.png\" alt=\"\" class=\"wp-image-974\"\/><\/figure>\n<\/div>\n\n\n\n<div class=\"wp-block-column\">\n<figure class=\"wp-block-image size-full lg:w-32 lg:h-32 w-20 h-20 mx-4\"><img loading=\"lazy\" width=\"250\" height=\"142\" src=\"http:\/\/biraykumas.com.tr\/wp-content\/uploads\/2022\/01\/Ermenegildo-1.png\" alt=\"\" class=\"wp-image-977\"\/><\/figure>\n<\/div>\n<\/div>\n\n\n\n<div class=\"wp-block-columns\">\n<div class=\"wp-block-column\">\n<figure class=\"wp-block-image size-full lg:w-32 lg:h-32 w-20 h-20 mx-4\"><img loading=\"lazy\" width=\"250\" height=\"142\" src=\"http:\/\/biraykumas.com.tr\/wp-content\/uploads\/2022\/01\/Zara-1.png\" alt=\"\" class=\"wp-image-980\"\/><\/figure>\n<\/div>\n\n\n\n<div class=\"wp-block-column\">\n<figure class=\"wp-block-image size-full lg:w-32 lg:h-32 w-20 h-20 mx-4\"><img loading=\"lazy\" width=\"250\" height=\"142\" src=\"http:\/\/biraykumas.com.tr\/wp-content\/uploads\/2022\/01\/marks-spencer-1.png\" alt=\"\" class=\"wp-image-983\"\/><\/figure>\n<\/div>\n\n\n\n<div class=\"wp-block-column\">\n<figure class=\"wp-block-image size-full lg:w-32 lg:h-32 w-20 h-20 mx-4\"><img loading=\"lazy\" width=\"250\" height=\"142\" src=\"http:\/\/biraykumas.com.tr\/wp-content\/uploads\/2022\/01\/ESPRIT-1.png\" alt=\"\" class=\"wp-image-986\"\/><\/figure>\n<\/div>\n\n\n\n<div class=\"wp-block-column\">\n<figure class=\"wp-block-image size-full lg:w-32 lg:h-32 w-20 h-20 mx-4\"><img loading=\"lazy\" width=\"250\" height=\"142\" src=\"http:\/\/biraykumas.com.tr\/wp-content\/uploads\/2022\/01\/Victoria-beckham-1.png\" alt=\"\" class=\"wp-image-989\"\/><\/figure>\n<\/div>\n\n\n\n<div class=\"wp-block-column\">\n<figure class=\"wp-block-image size-full lg:w-32 lg:h-32 w-20 h-20 mx-4\"><img loading=\"lazy\" width=\"250\" height=\"142\" src=\"http:\/\/biraykumas.com.tr\/wp-content\/uploads\/2022\/01\/massimoduttiescudo-1.png\" alt=\"\" class=\"wp-image-992\"\/><\/figure>\n<\/div>\n<\/div>\n<\/div><\/div>\n\n\n\n<div class=\"wp-block-group md:hidden container mx-auto mt-8 mb-10 px-4\"><div class=\"wp-block-group__inner-container\">\n<div class=\"wp-block-columns flex-nowrap\">\n<div class=\"wp-block-column\">\n<figure class=\"wp-block-image size-full lg:w-32 lg:h-32 w-20 h-20 mx-4\"><img loading=\"lazy\" width=\"250\" height=\"142\" src=\"http:\/\/biraykumas.com.tr\/wp-content\/uploads\/2022\/01\/Lacoste-1.png\" alt=\"\" class=\"wp-image-950\"\/><\/figure>\n<\/div>\n\n\n\n<div class=\"wp-block-column\">\n<figure class=\"wp-block-image size-full lg:w-32 lg:h-32 w-20 h-20 mx-4\"><img loading=\"lazy\" width=\"250\" height=\"142\" src=\"http:\/\/biraykumas.com.tr\/wp-content\/uploads\/2022\/01\/GAP-1.png\" alt=\"\" class=\"wp-image-953\"\/><\/figure>\n<\/div>\n\n\n\n<div class=\"wp-block-column\">\n<figure class=\"wp-block-image size-full lg:w-32 lg:h-32 w-20 h-20 mx-4\"><img loading=\"lazy\" width=\"250\" height=\"142\" src=\"http:\/\/biraykumas.com.tr\/wp-content\/uploads\/2022\/01\/Hugo-Boss-1.png\" alt=\"\" class=\"wp-image-956\"\/><\/figure>\n<\/div>\n<\/div>\n\n\n\n<div class=\"wp-block-columns flex-nowrap\">\n<div class=\"wp-block-column\">\n<figure class=\"wp-block-image size-full lg:w-32 lg:h-32 w-20 h-20 mx-4\"><img loading=\"lazy\" width=\"250\" height=\"142\" src=\"http:\/\/biraykumas.com.tr\/wp-content\/uploads\/2022\/01\/Tommy-Hilfiger-2.png\" alt=\"\" class=\"wp-image-965\"\/><\/figure>\n<\/div>\n\n\n\n<div class=\"wp-block-column\">\n<figure class=\"wp-block-image size-full lg:w-32 lg:h-32 w-20 h-20 mx-4\"><img loading=\"lazy\" width=\"250\" height=\"142\" src=\"http:\/\/biraykumas.com.tr\/wp-content\/uploads\/2022\/01\/armani-1.png\" alt=\"\" class=\"wp-image-959\"\/><\/figure>\n<\/div>\n\n\n\n<div class=\"wp-block-column\">\n<figure class=\"wp-block-image size-full lg:w-32 lg:h-32 w-20 h-20 mx-4\"><img loading=\"lazy\" width=\"250\" height=\"142\" src=\"http:\/\/biraykumas.com.tr\/wp-content\/uploads\/2022\/01\/National-Geographic-1.png\" alt=\"\" class=\"wp-image-971\"\/><\/figure>\n<\/div>\n<\/div>\n\n\n\n<div class=\"wp-block-columns flex-nowrap\">\n<div class=\"wp-block-column\">\n<figure class=\"wp-block-image size-full lg:w-32 lg:h-32 w-20 h-20 mx-4\"><img loading=\"lazy\" width=\"250\" height=\"142\" src=\"http:\/\/biraykumas.com.tr\/wp-content\/uploads\/2022\/01\/massimoduttiescudo-1.png\" alt=\"\" class=\"wp-image-992\"\/><\/figure>\n<\/div>\n\n\n\n<div class=\"wp-block-column\">\n<figure class=\"wp-block-image size-full lg:w-32 lg:h-32 w-20 h-20 mx-4\"><img loading=\"lazy\" width=\"250\" height=\"142\" src=\"http:\/\/biraykumas.com.tr\/wp-content\/uploads\/2022\/01\/GANT-1.png\" alt=\"\" class=\"wp-image-968\"\/><\/figure>\n<\/div>\n\n\n\n<div class=\"wp-block-column\">\n<figure class=\"wp-block-image size-full lg:w-32 lg:h-32 w-20 h-20 mx-4\"><img loading=\"lazy\" width=\"250\" height=\"142\" src=\"http:\/\/biraykumas.com.tr\/wp-content\/uploads\/2022\/01\/Ermenegildo-1.png\" alt=\"\" class=\"wp-image-977\"\/><\/figure>\n<\/div>\n<\/div>\n\n\n\n<div class=\"wp-block-columns flex-nowrap\">\n<div class=\"wp-block-column\">\n<figure class=\"wp-block-image size-full lg:w-32 lg:h-32 w-20 h-20 mx-4\"><img loading=\"lazy\" width=\"250\" height=\"142\" src=\"http:\/\/biraykumas.com.tr\/wp-content\/uploads\/2022\/01\/Victoria-beckham-1.png\" alt=\"\" class=\"wp-image-989\"\/><\/figure>\n<\/div>\n\n\n\n<div class=\"wp-block-column\">\n<figure class=\"wp-block-image size-full lg:w-32 lg:h-32 w-20 h-20 mx-4\"><img loading=\"lazy\" width=\"250\" height=\"142\" src=\"http:\/\/biraykumas.com.tr\/wp-content\/uploads\/2022\/01\/\u0411\u0435\u0437-\u043d\u0430\u0437\u0432\u0430\u043d\u0438\u044f-1.png\" alt=\"\" class=\"wp-image-974\"\/><\/figure>\n<\/div>\n\n\n\n<div class=\"wp-block-column\">\n<figure class=\"wp-block-image size-full lg:w-32 lg:h-32 w-20 h-20 mx-4\"><img loading=\"lazy\" width=\"250\" height=\"142\" src=\"http:\/\/biraykumas.com.tr\/wp-content\/uploads\/2022\/01\/Zara-1.png\" alt=\"\" class=\"wp-image-980\"\/><\/figure>\n<\/div>\n<\/div>\n\n\n\n<div class=\"wp-block-columns flex-nowrap flex flex-row justify-center items-center\">\n<div class=\"wp-block-column flex flex-row justify-center items-center\">\n<div class=\"wp-block-image lg:w-32 lg:h-32 w-20 h-20 mx-4\"><figure class=\"aligncenter size-full\"><img loading=\"lazy\" width=\"250\" height=\"142\" src=\"http:\/\/biraykumas.com.tr\/wp-content\/uploads\/2022\/01\/marks-spencer-1.png\" alt=\"\" class=\"wp-image-983\"\/><\/figure><\/div>\n<\/div>\n\n\n\n<div class=\"wp-block-column flex flex-row justify-center items-center\">\n<div class=\"wp-block-image lg:w-32 lg:h-32 w-20 h-20 mx-4\"><figure class=\"aligncenter size-full\"><img loading=\"lazy\" width=\"250\" height=\"142\" src=\"http:\/\/biraykumas.com.tr\/wp-content\/uploads\/2022\/01\/ESPRIT-1.png\" alt=\"\" class=\"wp-image-986\"\/><\/figure><\/div>\n<\/div>\n<\/div>\n<\/div><\/div>\n\n\n\n<p><\/p>\n","protected":false},"excerpt":{"rendered":"<p>B\u0130RAY Yenilik\u00e7i \u00f6rme kuma\u015f dizayn ve \u00fcretimi Since 2010 defining the path of best knited fabrics together with our 2010 yl\u0131ndan bu zamana tasar\u0131mlar\u0131m\u0131zda elyaftan ba\u015flayan ser\u00fcvenin insan\u0131n konfor ve \u015f\u0131kl\u0131\u011f\u0131na hizmet etti\u011fini bilerek bu do\u011frultudaki \u00e7al\u0131\u015fmalar\u0131m\u0131zla \u00fcst limitleri zorluyoruz. \u0130klim ve mevsimlere g\u00f6re insan tenine en yumu\u015fak dokunu\u015fu sa\u011flayacak elyaflar\u0131 se\u00e7erek,insan\u0131n co\u011frafyalara g\u00f6re de\u011fi\u015fen [&hellip;]<\/p>\n","protected":false},"author":1,"featured_media":0,"parent":0,"menu_order":0,"comment_status":"closed","ping_status":"closed","template":"","meta":[],"_links":{"self":[{"href":"http:\/\/biraykumas.com.tr\/tr\/wp-json\/wp\/v2\/pages\/504"}],"collection":[{"href":"http:\/\/biraykumas.com.tr\/tr\/wp-json\/wp\/v2\/pages"}],"about":[{"href":"http:\/\/biraykumas.com.tr\/tr\/wp-json\/wp\/v2\/types\/page"}],"author":[{"embeddable":true,"href":"http:\/\/biraykumas.com.tr\/tr\/wp-json\/wp\/v2\/users\/1"}],"replies":[{"embeddable":true,"href":"http:\/\/biraykumas.com.tr\/tr\/wp-json\/wp\/v2\/comments?post=504"}],"version-history":[{"count":61,"href":"http:\/\/biraykumas.com.tr\/tr\/wp-json\/wp\/v2\/pages\/504\/revisions"}],"predecessor-version":[{"id":1526,"href":"http:\/\/biraykumas.com.tr\/tr\/wp-json\/wp\/v2\/pages\/504\/revisions\/1526"}],"wp:attachment":[{"href":"http:\/\/biraykumas.com.tr\/tr\/wp-json\/wp\/v2\/media?parent=504"}],"curies":[{"name":"wp","href":"https:\/\/api.w.org\/{rel}","templated":true}]}}