{"id":548,"date":"2022-01-15T11:32:59","date_gmt":"2022-01-15T11:32:59","guid":{"rendered":"http:\/\/biraykumas.com.tr\/%d0%ba%d0%be%d0%bd%d1%82%d0%b0%d0%ba%d1%82%d1%8b\/"},"modified":"2022-01-17T11:01:53","modified_gmt":"2022-01-17T11:01:53","slug":"%d0%ba%d0%be%d0%bd%d1%82%d0%b0%d0%ba%d1%82%d1%8b","status":"publish","type":"page","link":"http:\/\/biraykumas.com.tr\/ru\/%d0%ba%d0%be%d0%bd%d1%82%d0%b0%d0%ba%d1%82%d1%8b\/","title":{"rendered":"\u041a\u043e\u043d\u0442\u0430\u043a\u0442\u044b"},"content":{"rendered":"\n<div class=\"wp-block-cover\" style=\"min-height:200px\"><img loading=\"lazy\" width=\"1438\" height=\"316\" class=\"wp-block-cover__image-background wp-image-500\" alt=\"\" src=\"http:\/\/biraykumas.com.tr\/wp-content\/uploads\/2022\/01\/part1-4.jpg\" data-object-fit=\"cover\" srcset=\"http:\/\/biraykumas.com.tr\/wp-content\/uploads\/2022\/01\/part1-4.jpg 1438w, http:\/\/biraykumas.com.tr\/wp-content\/uploads\/2022\/01\/part1-4-300x66.jpg 300w, http:\/\/biraykumas.com.tr\/wp-content\/uploads\/2022\/01\/part1-4-1024x225.jpg 1024w, http:\/\/biraykumas.com.tr\/wp-content\/uploads\/2022\/01\/part1-4-768x169.jpg 768w, http:\/\/biraykumas.com.tr\/wp-content\/uploads\/2022\/01\/part1-4-1200x264.jpg 1200w\" sizes=\"(max-width: 1438px) 100vw, 1438px\" \/><div class=\"wp-block-cover__inner-container\">\n<p class=\"has-text-align-center uppercase text-black font-bold hidden lg:block lg:text-5xl lg:text-1xl mb-24 lg:mt-20 w-4\/5 leading-10 lg:leading-none has-primary-color has-text-color has-large-font-size\">\u0421\u0412\u042f\u0416\u0418\u0422\u0415\u0421\u042c \u0421 \u041d\u0410\u041c\u0418<\/p>\n<\/div><\/div>\n\n\n\n<div class=\"wp-block-group container w-full p-8 px-14 mb-4 lg:mt-4 lg:px-36 lg:py-1\"><div class=\"wp-block-group__inner-container\"><div class=\"wpforms-container wpforms-container-full\" id=\"wpforms-1466\"><form id=\"wpforms-form-1466\" class=\"wpforms-validate wpforms-form wpforms-ajax-form\" data-formid=\"1466\" method=\"post\" enctype=\"multipart\/form-data\" action=\"\/ru\/wp-json\/wp\/v2\/pages\/548\" data-token=\"6158af17f6eac745f753cf3941360a16\"><noscript class=\"wpforms-error-noscript\">\u041f\u043e\u0436\u0430\u043b\u0443\u0439\u0441\u0442\u0430, \u0432\u043a\u043b\u044e\u0447\u0438\u0442\u0435 JavaScript \u0432 \u0432\u0430\u0448\u0435\u043c \u0431\u0440\u0430\u0443\u0437\u0435\u0440\u0435 \u0434\u043b\u044f \u0437\u0430\u043f\u043e\u043b\u043d\u0435\u043d\u0438\u044f \u0434\u0430\u043d\u043d\u043e\u0439 \u0444\u043e\u0440\u043c\u044b.<\/noscript><div class=\"wpforms-field-container\"><div id=\"wpforms-1466-field_0-container\" class=\"wpforms-field wpforms-field-name wpforms-one-half wpforms-first\" data-field-id=\"0\"><label class=\"wpforms-field-label\" for=\"wpforms-1466-field_0\">\u0418\u043c\u044f <span class=\"wpforms-required-label\">*<\/span><\/label><input type=\"text\" id=\"wpforms-1466-field_0\" class=\"wpforms-field-large wpforms-field-required\" name=\"wpforms[fields][0]\" required><\/div><div id=\"wpforms-1466-field_5-container\" class=\"wpforms-field wpforms-field-text wpforms-one-half\" data-field-id=\"5\"><label class=\"wpforms-field-label\" for=\"wpforms-1466-field_5\">\u0424\u0430\u043c\u0438\u043b\u0438\u044f <span class=\"wpforms-required-label\">*<\/span><\/label><input type=\"text\" id=\"wpforms-1466-field_5\" class=\"wpforms-field-large wpforms-field-required\" name=\"wpforms[fields][5]\" required><\/div><div id=\"wpforms-1466-field_6-container\" class=\"wpforms-field wpforms-field-text wpforms-one-half wpforms-first\" data-field-id=\"6\"><label class=\"wpforms-field-label\" for=\"wpforms-1466-field_6\">\u041d\u043e\u043c\u0435\u0440 \u0442\u0435\u043b\u0435\u0444\u043e\u043d\u0430 <span class=\"wpforms-required-label\">*<\/span><\/label><input type=\"text\" id=\"wpforms-1466-field_6\" class=\"wpforms-field-large wpforms-field-required\" name=\"wpforms[fields][6]\" required><\/div><div id=\"wpforms-1466-field_1-container\" class=\"wpforms-field wpforms-field-email wpforms-one-half wpforms-one-half\" data-field-id=\"1\"><label class=\"wpforms-field-label\" for=\"wpforms-1466-field_1\">\u0410\u0434\u0440\u0435\u0441 \u044d\u043b\u0435\u043a\u0442\u0440\u043e\u043d\u043d\u043e\u0439 \u043f\u043e\u0447\u0442\u044b  <span class=\"wpforms-required-label\">*<\/span><\/label><input type=\"email\" id=\"wpforms-1466-field_1\" class=\"wpforms-field-large wpforms-field-required\" name=\"wpforms[fields][1]\" required><\/div><div id=\"wpforms-1466-field_2-container\" class=\"wpforms-field wpforms-field-textarea\" data-field-id=\"2\"><label class=\"wpforms-field-label\" for=\"wpforms-1466-field_2\">\u0421\u043e\u043e\u0431\u0449\u0435\u043d\u0438\u0435<\/label><textarea id=\"wpforms-1466-field_2\" class=\"wpforms-field-medium\" name=\"wpforms[fields][2]\" ><\/textarea><div class=\"wpforms-field-description\">* \u041f\u043e\u0436\u0430\u043b\u0443\u0439\u0441\u0442\u0430, \u0437\u0430\u043f\u043e\u043b\u043d\u0438\u0442\u0435 \u0432\u0441\u0435 \u043e\u0431\u044f\u0437\u0430\u0442\u0435\u043b\u044c\u043d\u044b\u0435 \u043f\u043e\u043b\u044f. <br\/>\r\n\u041e\u0442\u043f\u0440\u0430\u0432\u043b\u044f\u044f \u043d\u0430\u043c \u0441\u043e\u043e\u0431\u0449\u0435\u043d\u0438\u0435, \u0432\u044b \u043f\u0440\u0435\u0434\u043e\u0441\u0442\u0430\u0432\u043b\u044f\u0435\u0442\u0435 \u043d\u0430\u043c \u0432\u0430\u0448\u0438 \u043b\u0438\u0447\u043d\u044b\u0435 \u0434\u0430\u043d\u043d\u044b\u0435 \u0438 \u0441\u043e\u0433\u043b\u0430\u0448\u0430\u0435\u0442\u0435\u0441\u044c \u0441 \u0443\u0441\u043b\u043e\u0432\u0438\u044f\u043c\u0438 \u0438\u0445 \u043e\u0431\u0440\u0430\u0431\u043e\u0442\u043a\u0438. \u041d\u0430\u0436\u043c\u0438\u0442\u0435 \u0437\u0434\u0435\u0441\u044c, \u0447\u0442\u043e\u0431\u044b \u0443\u0437\u043d\u0430\u0442\u044c \u0431\u043e\u043b\u044c\u0448\u0435<\/div><\/div><\/div><div class=\"wpforms-submit-container\"><input type=\"hidden\" name=\"wpforms[id]\" value=\"1466\"><input type=\"hidden\" name=\"wpforms[author]\" value=\"1\"><button type=\"submit\" name=\"wpforms[submit]\" id=\"wpforms-submit-1466\" class=\"wpforms-submit submitbutton\" data-alt-text=\"Sending...\" data-submit-text=\"Submit\" aria-live=\"assertive\" value=\"wpforms-submit\">Submit<\/button><img src=\"http:\/\/biraykumas.com.tr\/wp-content\/plugins\/wpforms-lite\/assets\/images\/submit-spin.svg\" class=\"wpforms-submit-spinner\" style=\"display: none;\" width=\"26\" height=\"26\" alt=\"\"><\/div><\/form><\/div>  <!-- .wpforms-container --><\/div><\/div>\n\n\n\n<div class=\"wp-block-group flex flex-row flex-wrap p-8 pl-14 mb-4 lg:px-36 lg:py-12 lg:order-2\"><div class=\"wp-block-group__inner-container\">\n<h2>\u041a\u041e\u041d\u0422\u0410\u041a\u0422\u041d\u0410\u042f \u0418\u041d\u0424\u041e\u0420\u041c\u0410\u0426\u0418\u042f<\/h2>\n\n\n\n<h3 class=\"leading-6 text-lg lg:text-2xl mt-4\">B\u0130RAY KUMA\u015e SANAY\u0130 T\u0130CARET A.\u015e<\/h3>\n\n\n\n<p class=\"lg:text-2xl mt-4\">\u0410\u0434\u0440\u0435\u0441:<br><a target=\"_blank\" href=\"https:\/\/goo.gl\/maps\/7eugRf7YCsb6gT5DA\" rel=\"noreferrer noopener\"><\/a><a target=\"_blank\" href=\"https:\/\/goo.gl\/maps\/7eugRf7YCsb6gT5DA\" rel=\"noreferrer noopener\">Bak\u0131r ve Pirin\u00e7ciler Sanayi Sitesi<br>A\u00e7elya Cad. No:33\/A<br>34524 Beylikd\u00fcz\u00fc<br>ISTANBUL \/ TURKEY<\/a><\/p>\n\n\n\n<p class=\"lg:text-2xl mt-10 mb-10\">\u041d\u043e\u043c\u0435\u0440 \u0442\u0435\u043b\u0435\u0444\u043e\u043d\u0430:<br><a href=\"tel:+90%20532%20521%2056%2089\"><strong><a href=\"tel:+373 795 61 500\">+373 795 61 500<\/a><\/strong><\/a><\/p>\n\n\n\n<p class=\"lg:text-2xl mt-4\">Fax: <strong>+ 90 212 876 99 05<\/strong><br><a href=\"mailto:ozgur@biraykumas.com.tr\"><strong>evghenia@biraykumas.com.tr<\/strong><\/a><\/p>\n<\/div><\/div>\n\n\n\n<iframe src=\"https:\/\/www.google.com\/maps\/embed?pb=!1m14!1m8!1m3!1d6022.31693734099!2d28.65567167311365!3d40.99990458650275!3m2!1i1024!2i768!4f13.1!3m3!1m2!1s0x0%3A0xbf2921978c71d59e!2sBiray%20Kuma%C5%9F!5e0!3m2!1sen!2str!4v1634281315518!5m2!1sen!2str\" width=\"600\" height=\"450\" style=\"{{\" allowfullscreen=\"\" loading=\"lazy\" classname=\"w-full\" border:=\"\"><\/iframe>\n","protected":false},"excerpt":{"rendered":"<p>\u041a\u041e\u041d\u0422\u0410\u041a\u0422\u041d\u0410\u042f \u0418\u041d\u0424\u041e\u0420\u041c\u0410\u0426\u0418\u042f B\u0130RAY KUMA\u015e SANAY\u0130 T\u0130CARET A.\u015e \u0410\u0434\u0440\u0435\u0441:Bak\u0131r ve Pirin\u00e7ciler Sanayi SitesiA\u00e7elya Cad. No:33\/A34524 Beylikd\u00fcz\u00fcISTANBUL \/ TURKEY \u041d\u043e\u043c\u0435\u0440 \u0442\u0435\u043b\u0435\u0444\u043e\u043d\u0430:+373 795 61 500 Fax: + 90 212 876 99 05evghenia@biraykumas.com.tr<\/p>\n","protected":false},"author":1,"featured_media":0,"parent":0,"menu_order":0,"comment_status":"closed","ping_status":"closed","template":"","meta":[],"_links":{"self":[{"href":"http:\/\/biraykumas.com.tr\/ru\/wp-json\/wp\/v2\/pages\/548"}],"collection":[{"href":"http:\/\/biraykumas.com.tr\/ru\/wp-json\/wp\/v2\/pages"}],"about":[{"href":"http:\/\/biraykumas.com.tr\/ru\/wp-json\/wp\/v2\/types\/page"}],"author":[{"embeddable":true,"href":"http:\/\/biraykumas.com.tr\/ru\/wp-json\/wp\/v2\/users\/1"}],"replies":[{"embeddable":true,"href":"http:\/\/biraykumas.com.tr\/ru\/wp-json\/wp\/v2\/comments?post=548"}],"version-history":[{"count":5,"href":"http:\/\/biraykumas.com.tr\/ru\/wp-json\/wp\/v2\/pages\/548\/revisions"}],"predecessor-version":[{"id":1470,"href":"http:\/\/biraykumas.com.tr\/ru\/wp-json\/wp\/v2\/pages\/548\/revisions\/1470"}],"wp:attachment":[{"href":"http:\/\/biraykumas.com.tr\/ru\/wp-json\/wp\/v2\/media?parent=548"}],"curies":[{"name":"wp","href":"https:\/\/api.w.org\/{rel}","templated":true}]}}